{"id":60567,"date":"2026-01-09T10:23:44","date_gmt":"2026-01-09T09:23:44","guid":{"rendered":"https:\/\/accademiamugnano.it\/?post_type=product&#038;p=60567"},"modified":"2026-03-12T11:20:07","modified_gmt":"2026-03-12T10:20:07","slug":"set-padelle-16-20-24-28-cm-vulcano","status":"publish","type":"product","link":"https:\/\/accademiamugnano.it\/fr\/prodotto\/set-padelle-16-20-24-28-cm-vulcano\/","title":{"rendered":"Set padelle 16\/20\/24\/28 cm &#8211; Vulcano"},"content":{"rendered":"<p><b>Vulcano<\/b><span style=\"font-weight: 400;\"> \u00e8 la linea pensata per chi cerca funzionalit\u00e0 e convenienza senza rinunciare alla qualit\u00e0. Progettata per affrontare la cucina di tutti i giorni, offre una gamma completa di utensili pratici e resistenti, adatti a ogni esigenza.<\/span><\/p>\n<h6><\/h6>\n<p><span style=\"font-weight: 400;\">Il <\/span><b>rivestimento AM Salus Hard System<\/b><span style=\"font-weight: 400;\"> garantisce antiaderenza duratura e resistenza a graffi e abrasioni, facilitando la preparazione dei cibi in modo sano e senza sforzo.<\/span><\/p>\n<h6><\/h6>\n<p><span style=\"font-weight: 400;\">Il <\/span><b>corpo in alluminio <\/b><span style=\"font-weight: 400;\">assicura la giusta distribuzione del calore e una cottura omogenea. Il fondo micro rettificato a cerchi concentrici garantisce stabilit\u00e0 e planarit\u00e0 su tutte le superfici, eccetto l\u2019induzione.<\/span><\/p>\n<h6><\/h6>\n<p><span style=\"font-weight: 400;\">I <\/span><b>manici ergonomici in bakelite satinata nera<\/b><span style=\"font-weight: 400;\">, resistenti al calore, e il <\/span><b>rivestimento esterno color nero antracite<\/b><span style=\"font-weight: 400;\">, conferiscono un look semplice e moderno.<\/span><\/p>\n","protected":false},"excerpt":{"rendered":"<p>Set poker 4 padelle 16\/20\/24\/28 cm- Vulcano<\/p>\n","protected":false},"featured_media":60577,"template":"","meta":{"_acf_changed":false},"product_brand":[],"product_cat":[831,1261,578],"product_tag":[629,173],"class_list":{"0":"post-60567","1":"product","2":"type-product","3":"status-publish","4":"has-post-thumbnail","6":"product_cat-articoli-speciali","7":"product_cat-promo-grandi-cotture","8":"product_cat-padelle","9":"product_tag-batteria","10":"product_tag-non-induzione","11":"pa_diametro-dimensioni-16cm","12":"pa_diametro-dimensioni-20cm","13":"pa_diametro-dimensioni-24cm","14":"pa_diametro-dimensioni-28cm","15":"pa_tipologia-cottura-elettrico","16":"pa_tipologia-cottura-gas","18":"first","19":"instock","20":"sale","21":"taxable","22":"shipping-taxable","23":"purchasable","24":"product-type-simple"},"acf":[],"yoast_head":"<!-- This site is optimized with the Yoast SEO plugin v27.3 - https:\/\/yoast.com\/product\/yoast-seo-wordpress\/ -->\n<title>Set padelle 16\/20\/24\/28 cm - Vulcano - Accademia Mugnano<\/title>\n<meta name=\"description\" content=\"Set 4 padelle in alluminio puro al 99,5% antiaderenti per una cottura pratica e veloce. Colorazione nero antracite - Vulcano\" \/>\n<meta name=\"robots\" content=\"index, follow, max-snippet:-1, max-image-preview:large, max-video-preview:-1\" \/>\n<link rel=\"canonical\" href=\"https:\/\/accademiamugnano.it\/fr\/prodotto\/set-padelle-16-20-24-28-cm-vulcano\/\" \/>\n<meta property=\"og:locale\" content=\"fr_FR\" \/>\n<meta property=\"og:type\" content=\"article\" \/>\n<meta property=\"og:title\" content=\"Set padelle 16\/20\/24\/28 cm - Vulcano - Accademia Mugnano\" \/>\n<meta property=\"og:description\" content=\"Set 4 padelle in alluminio puro al 99,5% antiaderenti per una cottura pratica e veloce. Colorazione nero antracite - Vulcano\" \/>\n<meta property=\"og:url\" content=\"https:\/\/accademiamugnano.it\/fr\/prodotto\/set-padelle-16-20-24-28-cm-vulcano\/\" \/>\n<meta property=\"og:site_name\" content=\"Accademia Mugnano\" \/>\n<meta property=\"article:modified_time\" content=\"2026-03-12T10:20:07+00:00\" \/>\n<meta property=\"og:image\" content=\"https:\/\/accademiamugnano.it\/wp-content\/uploads\/2026\/01\/VUSETP16.jpg\" \/>\n\t<meta property=\"og:image:width\" content=\"800\" \/>\n\t<meta property=\"og:image:height\" content=\"800\" \/>\n\t<meta property=\"og:image:type\" content=\"image\/jpeg\" \/>\n<meta name=\"twitter:card\" content=\"summary_large_image\" \/>\n<meta name=\"twitter:label1\" content=\"Dur\u00e9e de lecture estim\u00e9e\" \/>\n\t<meta name=\"twitter:data1\" content=\"1 minute\" \/>\n<script type=\"application\/ld+json\" class=\"yoast-schema-graph\">{\"@context\":\"https:\\\/\\\/schema.org\",\"@graph\":[{\"@type\":\"WebPage\",\"@id\":\"https:\\\/\\\/accademiamugnano.it\\\/fr\\\/prodotto\\\/set-padelle-16-20-24-28-cm-vulcano\\\/\",\"url\":\"https:\\\/\\\/accademiamugnano.it\\\/fr\\\/prodotto\\\/set-padelle-16-20-24-28-cm-vulcano\\\/\",\"name\":\"Set padelle 16\\\/20\\\/24\\\/28 cm - Vulcano - Accademia Mugnano\",\"isPartOf\":{\"@id\":\"https:\\\/\\\/accademiamugnano.it\\\/fr\\\/#website\"},\"primaryImageOfPage\":{\"@id\":\"https:\\\/\\\/accademiamugnano.it\\\/fr\\\/prodotto\\\/set-padelle-16-20-24-28-cm-vulcano\\\/#primaryimage\"},\"image\":{\"@id\":\"https:\\\/\\\/accademiamugnano.it\\\/fr\\\/prodotto\\\/set-padelle-16-20-24-28-cm-vulcano\\\/#primaryimage\"},\"thumbnailUrl\":\"https:\\\/\\\/accademiamugnano.it\\\/wp-content\\\/uploads\\\/2026\\\/01\\\/VUSETP16.jpg\",\"datePublished\":\"2026-01-09T09:23:44+00:00\",\"dateModified\":\"2026-03-12T10:20:07+00:00\",\"description\":\"Set 4 padelle in alluminio puro al 99,5% antiaderenti per una cottura pratica e veloce. Colorazione nero antracite - Vulcano\",\"breadcrumb\":{\"@id\":\"https:\\\/\\\/accademiamugnano.it\\\/fr\\\/prodotto\\\/set-padelle-16-20-24-28-cm-vulcano\\\/#breadcrumb\"},\"inLanguage\":\"fr-FR\",\"potentialAction\":[{\"@type\":\"ReadAction\",\"target\":[\"https:\\\/\\\/accademiamugnano.it\\\/fr\\\/prodotto\\\/set-padelle-16-20-24-28-cm-vulcano\\\/\"]}]},{\"@type\":\"ImageObject\",\"inLanguage\":\"fr-FR\",\"@id\":\"https:\\\/\\\/accademiamugnano.it\\\/fr\\\/prodotto\\\/set-padelle-16-20-24-28-cm-vulcano\\\/#primaryimage\",\"url\":\"https:\\\/\\\/accademiamugnano.it\\\/wp-content\\\/uploads\\\/2026\\\/01\\\/VUSETP16.jpg\",\"contentUrl\":\"https:\\\/\\\/accademiamugnano.it\\\/wp-content\\\/uploads\\\/2026\\\/01\\\/VUSETP16.jpg\",\"width\":800,\"height\":800},{\"@type\":\"BreadcrumbList\",\"@id\":\"https:\\\/\\\/accademiamugnano.it\\\/fr\\\/prodotto\\\/set-padelle-16-20-24-28-cm-vulcano\\\/#breadcrumb\",\"itemListElement\":[{\"@type\":\"ListItem\",\"position\":1,\"name\":\"Home\",\"item\":\"https:\\\/\\\/accademiamugnano.it\\\/fr\\\/\"},{\"@type\":\"ListItem\",\"position\":2,\"name\":\"Tutti i prodotti OLD\",\"item\":\"https:\\\/\\\/accademiamugnano.it\\\/fr\\\/?page_id=21525\"},{\"@type\":\"ListItem\",\"position\":3,\"name\":\"Set padelle 16\\\/20\\\/24\\\/28 cm &#8211; Vulcano\"}]},{\"@type\":\"WebSite\",\"@id\":\"https:\\\/\\\/accademiamugnano.it\\\/fr\\\/#website\",\"url\":\"https:\\\/\\\/accademiamugnano.it\\\/fr\\\/\",\"name\":\"Accademia Mugnano\",\"description\":\"Pentole e padelle made in Italy antiaderenti in alluminio. Cucina sano, cucina italiano.\",\"publisher\":{\"@id\":\"https:\\\/\\\/accademiamugnano.it\\\/fr\\\/#organization\"},\"potentialAction\":[{\"@type\":\"SearchAction\",\"target\":{\"@type\":\"EntryPoint\",\"urlTemplate\":\"https:\\\/\\\/accademiamugnano.it\\\/fr\\\/?s={search_term_string}\"},\"query-input\":{\"@type\":\"PropertyValueSpecification\",\"valueRequired\":true,\"valueName\":\"search_term_string\"}}],\"inLanguage\":\"fr-FR\"},{\"@type\":\"Organization\",\"@id\":\"https:\\\/\\\/accademiamugnano.it\\\/fr\\\/#organization\",\"name\":\"Accademia Mugnano\",\"url\":\"https:\\\/\\\/accademiamugnano.it\\\/fr\\\/\",\"logo\":{\"@type\":\"ImageObject\",\"inLanguage\":\"fr-FR\",\"@id\":\"https:\\\/\\\/accademiamugnano.it\\\/fr\\\/#\\\/schema\\\/logo\\\/image\\\/\",\"url\":\"https:\\\/\\\/accademiamugnano.it\\\/wp-content\\\/uploads\\\/2023\\\/09\\\/Accademia-Mugnano.png\",\"contentUrl\":\"https:\\\/\\\/accademiamugnano.it\\\/wp-content\\\/uploads\\\/2023\\\/09\\\/Accademia-Mugnano.png\",\"width\":1824,\"height\":585,\"caption\":\"Accademia Mugnano\"},\"image\":{\"@id\":\"https:\\\/\\\/accademiamugnano.it\\\/fr\\\/#\\\/schema\\\/logo\\\/image\\\/\"}}]}<\/script>\n<!-- \/ Yoast SEO plugin. -->","yoast_head_json":{"title":"Set padelle 16\/20\/24\/28 cm - Vulcano - Accademia Mugnano","description":"Set 4 padelle in alluminio puro al 99,5% antiaderenti per una cottura pratica e veloce. Colorazione nero antracite - Vulcano","robots":{"index":"index","follow":"follow","max-snippet":"max-snippet:-1","max-image-preview":"max-image-preview:large","max-video-preview":"max-video-preview:-1"},"canonical":"https:\/\/accademiamugnano.it\/fr\/prodotto\/set-padelle-16-20-24-28-cm-vulcano\/","og_locale":"fr_FR","og_type":"article","og_title":"Set padelle 16\/20\/24\/28 cm - Vulcano - Accademia Mugnano","og_description":"Set 4 padelle in alluminio puro al 99,5% antiaderenti per una cottura pratica e veloce. Colorazione nero antracite - Vulcano","og_url":"https:\/\/accademiamugnano.it\/fr\/prodotto\/set-padelle-16-20-24-28-cm-vulcano\/","og_site_name":"Accademia Mugnano","article_modified_time":"2026-03-12T10:20:07+00:00","og_image":[{"width":800,"height":800,"url":"https:\/\/accademiamugnano.it\/wp-content\/uploads\/2026\/01\/VUSETP16.jpg","type":"image\/jpeg"}],"twitter_card":"summary_large_image","twitter_misc":{"Dur\u00e9e de lecture estim\u00e9e":"1 minute"},"schema":{"@context":"https:\/\/schema.org","@graph":[{"@type":"WebPage","@id":"https:\/\/accademiamugnano.it\/fr\/prodotto\/set-padelle-16-20-24-28-cm-vulcano\/","url":"https:\/\/accademiamugnano.it\/fr\/prodotto\/set-padelle-16-20-24-28-cm-vulcano\/","name":"Set padelle 16\/20\/24\/28 cm - Vulcano - Accademia Mugnano","isPartOf":{"@id":"https:\/\/accademiamugnano.it\/fr\/#website"},"primaryImageOfPage":{"@id":"https:\/\/accademiamugnano.it\/fr\/prodotto\/set-padelle-16-20-24-28-cm-vulcano\/#primaryimage"},"image":{"@id":"https:\/\/accademiamugnano.it\/fr\/prodotto\/set-padelle-16-20-24-28-cm-vulcano\/#primaryimage"},"thumbnailUrl":"https:\/\/accademiamugnano.it\/wp-content\/uploads\/2026\/01\/VUSETP16.jpg","datePublished":"2026-01-09T09:23:44+00:00","dateModified":"2026-03-12T10:20:07+00:00","description":"Set 4 padelle in alluminio puro al 99,5% antiaderenti per una cottura pratica e veloce. Colorazione nero antracite - Vulcano","breadcrumb":{"@id":"https:\/\/accademiamugnano.it\/fr\/prodotto\/set-padelle-16-20-24-28-cm-vulcano\/#breadcrumb"},"inLanguage":"fr-FR","potentialAction":[{"@type":"ReadAction","target":["https:\/\/accademiamugnano.it\/fr\/prodotto\/set-padelle-16-20-24-28-cm-vulcano\/"]}]},{"@type":"ImageObject","inLanguage":"fr-FR","@id":"https:\/\/accademiamugnano.it\/fr\/prodotto\/set-padelle-16-20-24-28-cm-vulcano\/#primaryimage","url":"https:\/\/accademiamugnano.it\/wp-content\/uploads\/2026\/01\/VUSETP16.jpg","contentUrl":"https:\/\/accademiamugnano.it\/wp-content\/uploads\/2026\/01\/VUSETP16.jpg","width":800,"height":800},{"@type":"BreadcrumbList","@id":"https:\/\/accademiamugnano.it\/fr\/prodotto\/set-padelle-16-20-24-28-cm-vulcano\/#breadcrumb","itemListElement":[{"@type":"ListItem","position":1,"name":"Home","item":"https:\/\/accademiamugnano.it\/fr\/"},{"@type":"ListItem","position":2,"name":"Tutti i prodotti OLD","item":"https:\/\/accademiamugnano.it\/fr\/?page_id=21525"},{"@type":"ListItem","position":3,"name":"Set padelle 16\/20\/24\/28 cm &#8211; Vulcano"}]},{"@type":"WebSite","@id":"https:\/\/accademiamugnano.it\/fr\/#website","url":"https:\/\/accademiamugnano.it\/fr\/","name":"Accademia Mugnano","description":"Pentole e padelle made in Italy antiaderenti in alluminio. Cucina sano, cucina italiano.","publisher":{"@id":"https:\/\/accademiamugnano.it\/fr\/#organization"},"potentialAction":[{"@type":"SearchAction","target":{"@type":"EntryPoint","urlTemplate":"https:\/\/accademiamugnano.it\/fr\/?s={search_term_string}"},"query-input":{"@type":"PropertyValueSpecification","valueRequired":true,"valueName":"search_term_string"}}],"inLanguage":"fr-FR"},{"@type":"Organization","@id":"https:\/\/accademiamugnano.it\/fr\/#organization","name":"Accademia Mugnano","url":"https:\/\/accademiamugnano.it\/fr\/","logo":{"@type":"ImageObject","inLanguage":"fr-FR","@id":"https:\/\/accademiamugnano.it\/fr\/#\/schema\/logo\/image\/","url":"https:\/\/accademiamugnano.it\/wp-content\/uploads\/2023\/09\/Accademia-Mugnano.png","contentUrl":"https:\/\/accademiamugnano.it\/wp-content\/uploads\/2023\/09\/Accademia-Mugnano.png","width":1824,"height":585,"caption":"Accademia Mugnano"},"image":{"@id":"https:\/\/accademiamugnano.it\/fr\/#\/schema\/logo\/image\/"}}]}},"_links":{"self":[{"href":"https:\/\/accademiamugnano.it\/fr\/wp-json\/wp\/v2\/product\/60567","targetHints":{"allow":["GET"]}}],"collection":[{"href":"https:\/\/accademiamugnano.it\/fr\/wp-json\/wp\/v2\/product"}],"about":[{"href":"https:\/\/accademiamugnano.it\/fr\/wp-json\/wp\/v2\/types\/product"}],"wp:featuredmedia":[{"embeddable":true,"href":"https:\/\/accademiamugnano.it\/fr\/wp-json\/wp\/v2\/media\/60577"}],"wp:attachment":[{"href":"https:\/\/accademiamugnano.it\/fr\/wp-json\/wp\/v2\/media?parent=60567"}],"wp:term":[{"taxonomy":"product_brand","embeddable":true,"href":"https:\/\/accademiamugnano.it\/fr\/wp-json\/wp\/v2\/product_brand?post=60567"},{"taxonomy":"product_cat","embeddable":true,"href":"https:\/\/accademiamugnano.it\/fr\/wp-json\/wp\/v2\/product_cat?post=60567"},{"taxonomy":"product_tag","embeddable":true,"href":"https:\/\/accademiamugnano.it\/fr\/wp-json\/wp\/v2\/product_tag?post=60567"}],"curies":[{"name":"wp","href":"https:\/\/api.w.org\/{rel}","templated":true}]}}