{"id":44149,"date":"2022-10-17T18:45:05","date_gmt":"2022-10-17T17:45:05","guid":{"rendered":"https:\/\/accademiamugnano.it\/?page_id=44149"},"modified":"2024-05-22T10:16:26","modified_gmt":"2024-05-22T09:16:26","slug":"politique-de-confidentialite","status":"publish","type":"page","link":"https:\/\/accademiamugnano.it\/fr\/politique-de-confidentialite\/","title":{"rendered":"Politique de confidentialit\u00e9"},"content":{"rendered":"\t\t<div data-elementor-type=\"wp-page\" data-elementor-id=\"44149\" class=\"elementor elementor-44149 elementor-3\" data-elementor-post-type=\"page\">\n\t\t\t\t\t\t<section class=\"elementor-section elementor-top-section elementor-element elementor-element-6d4b7a8 elementor-section-boxed elementor-section-height-default elementor-section-height-default qodef-parallax-row-no qodef-content-aligment-left qodef-row-grid-no qodef-disabled-bg-image-bellow-no\" data-id=\"6d4b7a8\" data-element_type=\"section\" data-e-type=\"section\">\n\t\t\t\t\t\t<div class=\"elementor-container elementor-column-gap-default\">\n\t\t\t\t\t<div class=\"elementor-column elementor-col-100 elementor-top-column elementor-element elementor-element-8ac1460\" data-id=\"8ac1460\" data-element_type=\"column\" data-e-type=\"column\">\n\t\t\t<div class=\"elementor-widget-wrap elementor-element-populated\">\n\t\t\t\t\t\t<div class=\"elementor-element elementor-element-f0668c9 elementor-widget elementor-widget-text-editor\" data-id=\"f0668c9\" data-element_type=\"widget\" data-e-type=\"widget\" data-widget_type=\"text-editor.default\">\n\t\t\t\t<div class=\"elementor-widget-container\">\n\t\t\t\t\t\t\t\t\t<h4><strong>VIE PRIV\u00c9E &#8211; GESTION ET TRAITEMENT DES DONN\u00c9ES<\/strong><\/h4><p><strong>Accademia Mugnano s.p.a.<\/strong> traite vos donn\u00e9es dans le respect du R\u00e8glement europ\u00e9en (UE) 2016\/679 relatif \u00e0 la protection des personnes physiques \u00e0 l&#8217;\u00e9gard du traitement des donn\u00e9es \u00e0 caract\u00e8re personnel.<\/p><h4><strong>LES RESPONSABLES DU TRAITEMENT DES DONN\u00c9ES \u00c0 CARACT\u00c8RE PERSONNEL<\/strong><\/h4><p style=\"text-align: justify;\">Le responsable du traitement des donn\u00e9es que vous nous fournissez \u00e0 travers le site www.accademiamugnano.it est Accademia Mugnano s.p.a. dont le si\u00e8ge social est Via Pontano 61 &#8211; 80122 NAPLES (NA) Italie en la personne du repr\u00e9sentant l\u00e9gal pro-tempore de Accademia Mugnano s.p.a. auquel vous pouvez vous adresser pour faire valoir vos droits tels que pr\u00e9vus aux sections 3 et 4 du R\u00e8glement europ\u00e9en (UE) 2016\/679.<\/p><h4><strong>QUELLES SONT LES DONN\u00c9ES PERSONNELLES QUE NOUS TRAITONS?<\/strong><\/h4><p style=\"text-align: justify;\"><strong>L&#8217;Accademia Mugnano s.p.a<\/strong>. traite diff\u00e9rentes cat\u00e9gories de donn\u00e9es, en particulier :<br \/>Donn\u00e9es fournies volontairement par l&#8217;utilisateur Cette cat\u00e9gorie comprend les donn\u00e9es personnelles que vous d\u00e9cidez de nous fournir par le biais des formulaires sur www.accademiamugnano.it, en nous contactant par e-mail, t\u00e9l\u00e9phone ou fax, ou en effectuant des achats sur notre plateforme de commerce \u00e9lectronique www.accademiamugnano.it. Les donn\u00e9es que nous traitons et prot\u00e9geons sont celles relatives \u00e0 votre identit\u00e9, \u00e0 l&#8217;entreprise pour le compte de laquelle vous nous contactez, \u00e0 la localisation g\u00e9ographique de l&#8217;entreprise et \u00e0 la mani\u00e8re dont nous pouvons vous contacter et\/ou contacter l&#8217;entreprise (adresse e-mail et\/ou num\u00e9ro de t\u00e9l\u00e9phone).<\/p><p><strong>Donn\u00e9es de navigation<\/strong><br \/>Les syst\u00e8mes informatiques et les proc\u00e9dures logicielles utilis\u00e9s pour faire fonctionner ce site Web acqui\u00e8rent, au cours de leur fonctionnement normal, certaines donn\u00e9es personnelles (appel\u00e9es \u00ab fichiers journaux \u00bb) dont la transmission est implicite dans l&#8217;utilisation des protocoles de communication Internet.<br \/>Ces informations ne sont pas collect\u00e9es dans le but d&#8217;\u00eatre associ\u00e9es \u00e0 des personnes int\u00e9ress\u00e9es identifi\u00e9es, mais, de par leur nature m\u00eame, elles pourraient, par le biais du traitement et de l&#8217;association avec des donn\u00e9es d\u00e9tenues par des tiers, permettre d&#8217;identifier les utilisateurs.<br \/>Cette cat\u00e9gorie de donn\u00e9es comprend les adresses IP ou les noms de domaine des ordinateurs utilis\u00e9s par les utilisateurs qui se connectent au site, les adresses de notation URI (Uniform Resource Identifier) des ressources demand\u00e9es, l&#8217;heure de la demande, la m\u00e9thode utilis\u00e9e pour soumettre la demande au serveur, la taille du fichier obtenu en r\u00e9ponse, le code num\u00e9rique indiquant l&#8217;\u00e9tat de la r\u00e9ponse donn\u00e9e par le serveur (succ\u00e8s, erreur, etc.) et d&#8217;autres param\u00e8tres relatifs au syst\u00e8me d&#8217;exploitation et \u00e0 l&#8217;environnement de l&#8217;ordinateur de l&#8217;utilisateur.<br \/>Ces donn\u00e9es sont utilis\u00e9es dans le seul but d&#8217;obtenir des informations statistiques anonymes sur l&#8217;utilisation du site et d&#8217;en v\u00e9rifier le bon fonctionnement. Les donn\u00e9es peuvent \u00eatre utilis\u00e9es pour d\u00e9terminer les responsabilit\u00e9s en cas d&#8217;hypoth\u00e9tiques d\u00e9lits informatiques au d\u00e9triment du site et peuvent \u00eatre communiqu\u00e9es aux autorit\u00e9s judiciaires, si celles-ci en font la demande expresse.<\/p><p><strong>Cookies<\/strong><br \/>Sur le site www.accademiamugnano.it, des cookies sont pr\u00e9sents afin d&#8217;am\u00e9liorer l&#8217;exp\u00e9rience de navigation et \u00e0 des fins statistiques. Il s&#8217;agit en particulier de:<br \/>a) les cookies techniques : cette cat\u00e9gorie comprend les cookies qui permettent aux programmes d&#8217;analyse statistique des sites web d&#8217;obtenir des donn\u00e9es agr\u00e9g\u00e9es (par exemple Google Analytics).<br \/>b) cookies tiers : les seuls cookies tiers pr\u00e9sents sur les sites web susmentionn\u00e9s sont ceux li\u00e9s aux boutons de partage sur les r\u00e9seaux sociaux suivants : www.facebook.com, www.twitter.com, www.linkedin.com, www.plus.google.com.<\/p><h4 style=\"text-align: justify;\"><strong>COMMENT LES DONN\u00c9ES SONT-ELLES COLLECT\u00c9ES ?<\/strong><\/h4><p style=\"text-align: justify;\">Le traitement des donn\u00e9es que vous saisissez dans les formulaires du site www.accademiamugnano.it est effectu\u00e9 \u00e0 l&#8217;aide de proc\u00e9dures informatiques automatis\u00e9es qui, entre autres, incluent le profilage. Les donn\u00e9es sont conserv\u00e9es sous forme num\u00e9rique et sur papier au si\u00e8ge op\u00e9rationnel de l&#8217;Accademia Mugnano s.p.a. et sont accessibles uniquement et exclusivement au personnel autoris\u00e9 \u00e0 les consulter.<\/p><h4><strong>POURQUOI TRAITONS-NOUS CES DONN\u00c9ES PERSONNELLES ?<\/strong><\/h4><p style=\"text-align: justify;\">Les finalit\u00e9s du traitement de vos donn\u00e9es personnelles sont diff\u00e9rentes mais unies par la volont\u00e9 de r\u00e9pondre \u00e0 vos besoins. En particulier, la lic\u00e9it\u00e9 du traitement est assur\u00e9e par l&#8217;objectif de :<br \/>a) satisfaire \u00e0 des exigences pr\u00e9contractuelles (par exemple, instruction d&#8217;offres ou de commandes de clients, v\u00e9rification de la solvabilit\u00e9, etc. );<br \/>b) remplir des obligations contractuelles (fourniture ou achat de biens et\/ou de services) et l\u00e9gales (par exemple, tenue de la comptabilit\u00e9, formalit\u00e9s fiscales, gestion administrative);<br \/>c) la gestion des clients et des fournisseurs;<br \/>d) la gestion du cr\u00e9dit et le contr\u00f4le des risques (fraude, insolvabilit\u00e9, etc.);<br \/>e) la gestion des litiges et la cession des cr\u00e9ances ;<br \/>f) les services financiers qui contribuent \u00e0 la gestion des clients\/fournisseurs.<\/p><p style=\"text-align: justify;\">Afin de rendre les raisons de la collecte de donn\u00e9es encore plus compr\u00e9hensibles, nous fournissons les sp\u00e9cifications suivantes:<br \/>1. Les donn\u00e9es que vous nous transmettez par le biais des formulaires de contact du site www.accademiamugnano.it, par e-mail, par t\u00e9l\u00e9phone ou par fax sont collect\u00e9es et trait\u00e9es dans le but ultime de r\u00e9pondre \u00e0 votre demande, qu&#8217;il s&#8217;agisse d&#8217;une demande d&#8217;information, d&#8217;un devis, d&#8217;une assistance technique ou d&#8217;une commande d&#8217;achat.<br \/>2. Les donn\u00e9es relatives au mode de paiement que vous choisissez pour effectuer des achats sur la plateforme de commerce \u00e9lectronique<br \/>www.accademiamugnano.it sont collect\u00e9es et trait\u00e9es avec le plus grand soin pour leur protection afin de vous permettre de compl\u00e9ter le processus d&#8217;achat uniquement pendant le temps n\u00e9cessaire pour effectuer le paiement en ligne.<br \/>3. Les donn\u00e9es relatives \u00e0 vos achats, aux remplacements de garantie et aux exp\u00e9ditions sont collect\u00e9es et conserv\u00e9es dans le seul but de vous permettre d&#8217;acc\u00e9der aux documents administratifs et fiscaux.<br \/>4. Les donn\u00e9es que vous nous envoyez pour postuler spontan\u00e9ment \u00e0 un emploi dans notre entreprise sont collect\u00e9es et stock\u00e9es uniquement dans le but d&#8217;examiner votre candidature et sont supprim\u00e9es, au maximum, 12 mois apr\u00e8s leur r\u00e9ception.<br \/>5. Vos donn\u00e9es sont \u00e9galement collect\u00e9es, sous r\u00e9serve de votre consentement, afin de vous envoyer nos newsletters et communications commerciales relatives \u00e0 des \u00e9v\u00e9nements, des produits, des offres qui vous sont r\u00e9serv\u00e9es, etc. Nous vous rappelons que vous pouvez, \u00e0 tout moment, vous d\u00e9sabonner de notre newsletter ou modifier vos param\u00e8tres de r\u00e9ception en suivant les instructions figurant dans tous les e-mails de l&#8217;Accademia Mugnano ou en envoyant un e-mail \u00e0 <a href=\"mailto:privacy@accademiamugnano.it\">privacy@accademiamugnano.it<\/a>.<\/p><h4 style=\"text-align: justify;\">\u00c0 QUI SONT TRANSMISES VOS DONN\u00c9ES ?<\/h4><p style=\"text-align: justify;\">Les donn\u00e9es que vous nous fournissez volontairement ne seront jamais transmises \u00e0 des tiers \u00e0 des fins commerciales. Toutefois, afin de respecter les obligations l\u00e9gales et d&#8217;ex\u00e9cuter des mesures pr\u00e9contractuelles et contractuelles, il est n\u00e9cessaire de communiquer vos donn\u00e9es \u00e0:<br \/>1) les banques et les \u00e9tablissements de cr\u00e9dit, pour effectuer des paiements;<br \/>2) les soci\u00e9t\u00e9s de recouvrement et\/ou de cession de cr\u00e9ances;<br \/>3) les professionnels et les soci\u00e9t\u00e9s professionnelles (avocats, comptables, auditeurs, etc.);<br \/>4) d&#8217;autres soci\u00e9t\u00e9s, entit\u00e9s et\/ou personnes physiques qui exercent des activit\u00e9s instrumentales, de soutien ou fonctionnelles pour l&#8217;ex\u00e9cution des contrats ou des services demand\u00e9s ; ces sujets traiteront et, \u00e0 leur tour, communiqueront des donn\u00e9es \u00e0 des tiers en leur qualit\u00e9 de &#8220;responsables du traitement&#8221; ou de &#8220;responsables externes du traitement&#8221;, ainsi qu&#8217;\u00e0 des sujets qui collectent des donn\u00e9es par le biais de cookies techniques et de navigation.<\/p><h4 style=\"text-align: justify;\">DROITS DES PARTIES INT\u00c9RESS\u00c9ES<\/h4><p style=\"text-align: justify;\">Vous pourrez acc\u00e9der \u00e0 toutes les donn\u00e9es personnelles que vous nous avez fournies et demander leur modification ou leur suppression \u00e0 tout moment. Pour ce faire, il vous suffit d&#8217;envoyer un courrier \u00e9lectronique \u00e0 privacy@accademiamugnano.it . Vous pourrez notamment obtenir la confirmation que vos donn\u00e9es \u00e0 caract\u00e8re personnel sont ou non trait\u00e9es comme pr\u00e9vu et acc\u00e9der aux donn\u00e9es trait\u00e9es, avant m\u00eame qu&#8217;elles ne soient enregistr\u00e9es, comme le pr\u00e9voit l&#8217;article 15 du r\u00e8glement (UE\/2016\/679).<br \/>Outre la confirmation de l&#8217;existence du traitement, vous avez le droit \u00e0 la rectification ou \u00e0 l&#8217;effacement de vos donn\u00e9es (art. 16-17 RGPD), \u00e0 la limitation du traitement (si l&#8217;un des cas pr\u00e9vus \u00e0 l&#8217;art. 18 RGPD s&#8217;applique), \u00e0 la portabilit\u00e9 de vos donn\u00e9es (art.20 RGPD) et \u00e0 l&#8217;opposition au traitement (art.21 RGPD). Pour conna\u00eetre plus en d\u00e9tail vos droits relatifs \u00e0 vos donn\u00e9es personnelles, nous vous invitons \u00e0 consulter le texte des articles 15, 16, 17, 18, 19, 20, 21, 22 du R\u00e8glement (EU\/2016\/679).<\/p><h4 style=\"text-align: justify;\">R\u00c9CLAMATIONS<\/h4><p style=\"text-align: justify;\">Enfin, nous vous rappelons que vous avez le droit, \u00e0 tout moment, de d\u00e9poser une plainte aupr\u00e8s du contr\u00f4leur europ\u00e9en de la protection des donn\u00e9es en utilisant le formulaire figurant sur cette <a href=\"https:\/\/europa.eu\/european-union\/about-eu\/institutions-bodies\/european-data-protection-supervisor_it\">page.https:\/\/europa.eu\/european-union\/about-eu\/institutions-bodies\/european-data-protection-supervisor_it<\/a><\/p>\t\t\t\t\t\t\t\t<\/div>\n\t\t\t\t<\/div>\n\t\t\t\t\t<\/div>\n\t\t<\/div>\n\t\t\t\t\t<\/div>\n\t\t<\/section>\n\t\t\t\t<\/div>\n\t\t","protected":false},"excerpt":{"rendered":"<p>VIE PRIV\u00c9E &#8211; GESTION ET TRAITEMENT DES DONN\u00c9ES Accademia Mugnano s.p.a. traite vos donn\u00e9es dans le respect du R\u00e8glement europ\u00e9en (UE) 2016\/679 relatif \u00e0 la protection des personnes physiques \u00e0 l&#8217;\u00e9gard du traitement des donn\u00e9es \u00e0 caract\u00e8re personnel. LES RESPONSABLES [&hellip;]<\/p>\n","protected":false},"author":13491,"featured_media":0,"parent":0,"menu_order":0,"comment_status":"closed","ping_status":"closed","template":"","meta":{"_acf_changed":false,"footnotes":""},"class_list":["post-44149","page","type-page","status-publish","hentry"],"acf":[],"yoast_head":"<!-- This site is optimized with the Yoast SEO plugin v27.3 - https:\/\/yoast.com\/product\/yoast-seo-wordpress\/ -->\n<title>Politique de confidentialit\u00e9 - Accademia Mugnano<\/title>\n<meta name=\"description\" content=\"Politique de confidentialit\u00e9 indiquant comment les donn\u00e9es fournies au site sont utilis\u00e9es et prot\u00e9g\u00e9es.\" \/>\n<meta name=\"robots\" content=\"index, follow, max-snippet:-1, max-image-preview:large, max-video-preview:-1\" \/>\n<link rel=\"canonical\" href=\"https:\/\/accademiamugnano.it\/fr\/politique-de-confidentialite\/\" \/>\n<meta property=\"og:locale\" content=\"fr_FR\" \/>\n<meta property=\"og:type\" content=\"article\" \/>\n<meta property=\"og:title\" content=\"Politique de confidentialit\u00e9 - Accademia Mugnano\" \/>\n<meta property=\"og:description\" content=\"Politique de confidentialit\u00e9 indiquant comment les donn\u00e9es fournies au site sont utilis\u00e9es et prot\u00e9g\u00e9es.\" \/>\n<meta property=\"og:url\" content=\"https:\/\/accademiamugnano.it\/fr\/politique-de-confidentialite\/\" \/>\n<meta property=\"og:site_name\" content=\"Accademia Mugnano\" \/>\n<meta property=\"article:modified_time\" content=\"2024-05-22T09:16:26+00:00\" \/>\n<meta name=\"twitter:card\" content=\"summary_large_image\" \/>\n<meta name=\"twitter:label1\" content=\"Dur\u00e9e de lecture estim\u00e9e\" \/>\n\t<meta name=\"twitter:data1\" content=\"7 minutes\" \/>\n<script type=\"application\/ld+json\" class=\"yoast-schema-graph\">{\"@context\":\"https:\\\/\\\/schema.org\",\"@graph\":[{\"@type\":\"WebPage\",\"@id\":\"https:\\\/\\\/accademiamugnano.it\\\/fr\\\/politique-de-confidentialite\\\/\",\"url\":\"https:\\\/\\\/accademiamugnano.it\\\/fr\\\/politique-de-confidentialite\\\/\",\"name\":\"Politique de confidentialit\u00e9 - Accademia Mugnano\",\"isPartOf\":{\"@id\":\"https:\\\/\\\/accademiamugnano.it\\\/fr\\\/#website\"},\"datePublished\":\"2022-10-17T17:45:05+00:00\",\"dateModified\":\"2024-05-22T09:16:26+00:00\",\"description\":\"Politique de confidentialit\u00e9 indiquant comment les donn\u00e9es fournies au site sont utilis\u00e9es et prot\u00e9g\u00e9es.\",\"breadcrumb\":{\"@id\":\"https:\\\/\\\/accademiamugnano.it\\\/fr\\\/politique-de-confidentialite\\\/#breadcrumb\"},\"inLanguage\":\"fr-FR\",\"potentialAction\":[{\"@type\":\"ReadAction\",\"target\":[\"https:\\\/\\\/accademiamugnano.it\\\/fr\\\/politique-de-confidentialite\\\/\"]}]},{\"@type\":\"BreadcrumbList\",\"@id\":\"https:\\\/\\\/accademiamugnano.it\\\/fr\\\/politique-de-confidentialite\\\/#breadcrumb\",\"itemListElement\":[{\"@type\":\"ListItem\",\"position\":1,\"name\":\"Home\",\"item\":\"https:\\\/\\\/accademiamugnano.it\\\/fr\\\/\"},{\"@type\":\"ListItem\",\"position\":2,\"name\":\"Politique de confidentialit\u00e9\"}]},{\"@type\":\"WebSite\",\"@id\":\"https:\\\/\\\/accademiamugnano.it\\\/fr\\\/#website\",\"url\":\"https:\\\/\\\/accademiamugnano.it\\\/fr\\\/\",\"name\":\"Accademia Mugnano\",\"description\":\"Pentole e padelle made in Italy antiaderenti in alluminio. Cucina sano, cucina italiano.\",\"publisher\":{\"@id\":\"https:\\\/\\\/accademiamugnano.it\\\/fr\\\/#organization\"},\"potentialAction\":[{\"@type\":\"SearchAction\",\"target\":{\"@type\":\"EntryPoint\",\"urlTemplate\":\"https:\\\/\\\/accademiamugnano.it\\\/fr\\\/?s={search_term_string}\"},\"query-input\":{\"@type\":\"PropertyValueSpecification\",\"valueRequired\":true,\"valueName\":\"search_term_string\"}}],\"inLanguage\":\"fr-FR\"},{\"@type\":\"Organization\",\"@id\":\"https:\\\/\\\/accademiamugnano.it\\\/fr\\\/#organization\",\"name\":\"Accademia Mugnano\",\"url\":\"https:\\\/\\\/accademiamugnano.it\\\/fr\\\/\",\"logo\":{\"@type\":\"ImageObject\",\"inLanguage\":\"fr-FR\",\"@id\":\"https:\\\/\\\/accademiamugnano.it\\\/fr\\\/#\\\/schema\\\/logo\\\/image\\\/\",\"url\":\"https:\\\/\\\/accademiamugnano.it\\\/wp-content\\\/uploads\\\/2023\\\/09\\\/Accademia-Mugnano.png\",\"contentUrl\":\"https:\\\/\\\/accademiamugnano.it\\\/wp-content\\\/uploads\\\/2023\\\/09\\\/Accademia-Mugnano.png\",\"width\":1824,\"height\":585,\"caption\":\"Accademia Mugnano\"},\"image\":{\"@id\":\"https:\\\/\\\/accademiamugnano.it\\\/fr\\\/#\\\/schema\\\/logo\\\/image\\\/\"}}]}<\/script>\n<!-- \/ Yoast SEO plugin. -->","yoast_head_json":{"title":"Politique de confidentialit\u00e9 - Accademia Mugnano","description":"Politique de confidentialit\u00e9 indiquant comment les donn\u00e9es fournies au site sont utilis\u00e9es et prot\u00e9g\u00e9es.","robots":{"index":"index","follow":"follow","max-snippet":"max-snippet:-1","max-image-preview":"max-image-preview:large","max-video-preview":"max-video-preview:-1"},"canonical":"https:\/\/accademiamugnano.it\/fr\/politique-de-confidentialite\/","og_locale":"fr_FR","og_type":"article","og_title":"Politique de confidentialit\u00e9 - Accademia Mugnano","og_description":"Politique de confidentialit\u00e9 indiquant comment les donn\u00e9es fournies au site sont utilis\u00e9es et prot\u00e9g\u00e9es.","og_url":"https:\/\/accademiamugnano.it\/fr\/politique-de-confidentialite\/","og_site_name":"Accademia Mugnano","article_modified_time":"2024-05-22T09:16:26+00:00","twitter_card":"summary_large_image","twitter_misc":{"Dur\u00e9e de lecture estim\u00e9e":"7 minutes"},"schema":{"@context":"https:\/\/schema.org","@graph":[{"@type":"WebPage","@id":"https:\/\/accademiamugnano.it\/fr\/politique-de-confidentialite\/","url":"https:\/\/accademiamugnano.it\/fr\/politique-de-confidentialite\/","name":"Politique de confidentialit\u00e9 - Accademia Mugnano","isPartOf":{"@id":"https:\/\/accademiamugnano.it\/fr\/#website"},"datePublished":"2022-10-17T17:45:05+00:00","dateModified":"2024-05-22T09:16:26+00:00","description":"Politique de confidentialit\u00e9 indiquant comment les donn\u00e9es fournies au site sont utilis\u00e9es et prot\u00e9g\u00e9es.","breadcrumb":{"@id":"https:\/\/accademiamugnano.it\/fr\/politique-de-confidentialite\/#breadcrumb"},"inLanguage":"fr-FR","potentialAction":[{"@type":"ReadAction","target":["https:\/\/accademiamugnano.it\/fr\/politique-de-confidentialite\/"]}]},{"@type":"BreadcrumbList","@id":"https:\/\/accademiamugnano.it\/fr\/politique-de-confidentialite\/#breadcrumb","itemListElement":[{"@type":"ListItem","position":1,"name":"Home","item":"https:\/\/accademiamugnano.it\/fr\/"},{"@type":"ListItem","position":2,"name":"Politique de confidentialit\u00e9"}]},{"@type":"WebSite","@id":"https:\/\/accademiamugnano.it\/fr\/#website","url":"https:\/\/accademiamugnano.it\/fr\/","name":"Accademia Mugnano","description":"Pentole e padelle made in Italy antiaderenti in alluminio. Cucina sano, cucina italiano.","publisher":{"@id":"https:\/\/accademiamugnano.it\/fr\/#organization"},"potentialAction":[{"@type":"SearchAction","target":{"@type":"EntryPoint","urlTemplate":"https:\/\/accademiamugnano.it\/fr\/?s={search_term_string}"},"query-input":{"@type":"PropertyValueSpecification","valueRequired":true,"valueName":"search_term_string"}}],"inLanguage":"fr-FR"},{"@type":"Organization","@id":"https:\/\/accademiamugnano.it\/fr\/#organization","name":"Accademia Mugnano","url":"https:\/\/accademiamugnano.it\/fr\/","logo":{"@type":"ImageObject","inLanguage":"fr-FR","@id":"https:\/\/accademiamugnano.it\/fr\/#\/schema\/logo\/image\/","url":"https:\/\/accademiamugnano.it\/wp-content\/uploads\/2023\/09\/Accademia-Mugnano.png","contentUrl":"https:\/\/accademiamugnano.it\/wp-content\/uploads\/2023\/09\/Accademia-Mugnano.png","width":1824,"height":585,"caption":"Accademia Mugnano"},"image":{"@id":"https:\/\/accademiamugnano.it\/fr\/#\/schema\/logo\/image\/"}}]}},"_links":{"self":[{"href":"https:\/\/accademiamugnano.it\/fr\/wp-json\/wp\/v2\/pages\/44149","targetHints":{"allow":["GET"]}}],"collection":[{"href":"https:\/\/accademiamugnano.it\/fr\/wp-json\/wp\/v2\/pages"}],"about":[{"href":"https:\/\/accademiamugnano.it\/fr\/wp-json\/wp\/v2\/types\/page"}],"author":[{"embeddable":true,"href":"https:\/\/accademiamugnano.it\/fr\/wp-json\/wp\/v2\/users\/13491"}],"replies":[{"embeddable":true,"href":"https:\/\/accademiamugnano.it\/fr\/wp-json\/wp\/v2\/comments?post=44149"}],"version-history":[{"count":0,"href":"https:\/\/accademiamugnano.it\/fr\/wp-json\/wp\/v2\/pages\/44149\/revisions"}],"wp:attachment":[{"href":"https:\/\/accademiamugnano.it\/fr\/wp-json\/wp\/v2\/media?parent=44149"}],"curies":[{"name":"wp","href":"https:\/\/api.w.org\/{rel}","templated":true}]}}