{"id":44030,"date":"2024-02-06T13:37:03","date_gmt":"2024-02-06T12:37:03","guid":{"rendered":"https:\/\/accademiamugnano.it\/?page_id=44030"},"modified":"2024-05-20T12:54:59","modified_gmt":"2024-05-20T11:54:59","slug":"filosophie","status":"publish","type":"page","link":"https:\/\/accademiamugnano.it\/fr\/filosophie\/","title":{"rendered":"Filosophie"},"content":{"rendered":"\t\t<div data-elementor-type=\"wp-page\" data-elementor-id=\"44030\" class=\"elementor elementor-44030 elementor-21689\" data-elementor-post-type=\"page\">\n\t\t\t\t\t\t<section class=\"elementor-section elementor-top-section elementor-element elementor-element-87b67fc elementor-section-full_width elementor-section-stretched elementor-section-height-default elementor-section-height-default qodef-parallax-row-no qodef-content-aligment-left qodef-row-grid-no qodef-disabled-bg-image-bellow-no\" data-id=\"87b67fc\" data-element_type=\"section\" data-e-type=\"section\" data-settings=\"{&quot;stretch_section&quot;:&quot;section-stretched&quot;}\">\n\t\t\t\t\t\t<div class=\"elementor-container elementor-column-gap-no\">\n\t\t\t\t\t<div class=\"elementor-column elementor-col-100 elementor-top-column elementor-element elementor-element-56bea59\" data-id=\"56bea59\" data-element_type=\"column\" data-e-type=\"column\">\n\t\t\t<div class=\"elementor-widget-wrap elementor-element-populated\">\n\t\t\t\t\t\t<div class=\"elementor-element elementor-element-b9025ba elementor-widget__width-inherit elementor-widget elementor-widget-video\" data-id=\"b9025ba\" data-element_type=\"widget\" data-e-type=\"widget\" data-settings=\"{&quot;video_type&quot;:&quot;hosted&quot;,&quot;autoplay&quot;:&quot;yes&quot;,&quot;play_on_mobile&quot;:&quot;yes&quot;,&quot;loop&quot;:&quot;yes&quot;,&quot;start&quot;:0,&quot;mute&quot;:&quot;yes&quot;}\" data-widget_type=\"video.default\">\n\t\t\t\t<div class=\"elementor-widget-container\">\n\t\t\t\t\t\t\t<div class=\"e-hosted-video elementor-wrapper elementor-open-inline\">\n\t\t\t\t\t<video class=\"elementor-video\" src=\"https:\/\/accademiamugnano.it\/wp-content\/uploads\/2024\/02\/gif-padella.mp4\" autoplay=\"\" loop=\"\" muted=\"muted\" playsinline=\"\" controlsList=\"nodownload\"><\/video>\n\t\t\t\t<\/div>\n\t\t\t\t\t\t<\/div>\n\t\t\t\t<\/div>\n\t\t\t\t\t<\/div>\n\t\t<\/div>\n\t\t\t\t\t<\/div>\n\t\t<\/section>\n\t\t\t\t<section class=\"elementor-section elementor-top-section elementor-element elementor-element-f658cc2 elementor-section-full_width elementor-section-height-default elementor-section-height-default qodef-parallax-row-no qodef-content-aligment-left qodef-row-grid-no qodef-disabled-bg-image-bellow-no\" data-id=\"f658cc2\" data-element_type=\"section\" data-e-type=\"section\">\n\t\t\t\t\t\t<div class=\"elementor-container elementor-column-gap-default\">\n\t\t\t\t\t<div class=\"elementor-column elementor-col-100 elementor-top-column elementor-element elementor-element-30a5a1d\" data-id=\"30a5a1d\" data-element_type=\"column\" data-e-type=\"column\">\n\t\t\t<div class=\"elementor-widget-wrap elementor-element-populated\">\n\t\t\t\t\t\t<div class=\"elementor-element elementor-element-4e15343 elementor-widget elementor-widget-spacer\" data-id=\"4e15343\" data-element_type=\"widget\" data-e-type=\"widget\" data-widget_type=\"spacer.default\">\n\t\t\t\t<div class=\"elementor-widget-container\">\n\t\t\t\t\t\t\t<div class=\"elementor-spacer\">\n\t\t\t<div class=\"elementor-spacer-inner\"><\/div>\n\t\t<\/div>\n\t\t\t\t\t\t<\/div>\n\t\t\t\t<\/div>\n\t\t\t\t<div class=\"elementor-element elementor-element-d8c795d elementor-widget elementor-widget-image\" data-id=\"d8c795d\" data-element_type=\"widget\" data-e-type=\"widget\" data-widget_type=\"image.default\">\n\t\t\t\t<div class=\"elementor-widget-container\">\n\t\t\t\t\t\t\t\t\t\t\t\t\t\t\t<img fetchpriority=\"high\" decoding=\"async\" width=\"1024\" height=\"279\" src=\"https:\/\/accademiamugnano.it\/wp-content\/uploads\/2024\/05\/Filosofia_banner_FR-1024x279.webp\" class=\"attachment-large size-large wp-image-44032\" alt=\"\" srcset=\"https:\/\/accademiamugnano.it\/wp-content\/uploads\/2024\/05\/Filosofia_banner_FR-1024x279.webp 1024w, https:\/\/accademiamugnano.it\/wp-content\/uploads\/2024\/05\/Filosofia_banner_FR-300x82.webp 300w, https:\/\/accademiamugnano.it\/wp-content\/uploads\/2024\/05\/Filosofia_banner_FR-768x209.webp 768w, https:\/\/accademiamugnano.it\/wp-content\/uploads\/2024\/05\/Filosofia_banner_FR-600x163.webp 600w, https:\/\/accademiamugnano.it\/wp-content\/uploads\/2024\/05\/Filosofia_banner_FR.webp 1147w\" sizes=\"(max-width: 1024px) 100vw, 1024px\" \/>\t\t\t\t\t\t\t\t\t\t\t\t\t\t\t<\/div>\n\t\t\t\t<\/div>\n\t\t\t\t<div class=\"elementor-element elementor-element-5eec265 elementor-widget elementor-widget-spacer\" data-id=\"5eec265\" data-element_type=\"widget\" data-e-type=\"widget\" data-widget_type=\"spacer.default\">\n\t\t\t\t<div class=\"elementor-widget-container\">\n\t\t\t\t\t\t\t<div class=\"elementor-spacer\">\n\t\t\t<div class=\"elementor-spacer-inner\"><\/div>\n\t\t<\/div>\n\t\t\t\t\t\t<\/div>\n\t\t\t\t<\/div>\n\t\t\t\t\t<\/div>\n\t\t<\/div>\n\t\t\t\t\t<\/div>\n\t\t<\/section>\n\t\t\t\t<section class=\"elementor-section elementor-top-section elementor-element elementor-element-7567c25 elementor-section-full_width elementor-section-stretched elementor-section-height-default elementor-section-height-default qodef-parallax-row-no qodef-content-aligment-left qodef-row-grid-no qodef-disabled-bg-image-bellow-no\" data-id=\"7567c25\" data-element_type=\"section\" data-e-type=\"section\" data-settings=\"{&quot;stretch_section&quot;:&quot;section-stretched&quot;}\">\n\t\t\t\t\t\t<div class=\"elementor-container elementor-column-gap-no\">\n\t\t\t\t\t<div class=\"elementor-column elementor-col-100 elementor-top-column elementor-element elementor-element-526437d\" data-id=\"526437d\" data-element_type=\"column\" data-e-type=\"column\">\n\t\t\t<div class=\"elementor-widget-wrap elementor-element-populated\">\n\t\t\t\t\t\t<div class=\"elementor-element elementor-element-59c57c4 elementor-widget elementor-widget-image\" data-id=\"59c57c4\" data-element_type=\"widget\" data-e-type=\"widget\" data-widget_type=\"image.default\">\n\t\t\t\t<div class=\"elementor-widget-container\">\n\t\t\t\t\t\t\t\t\t\t\t\t\t\t\t<img decoding=\"async\" width=\"2560\" height=\"889\" src=\"https:\/\/accademiamugnano.it\/wp-content\/uploads\/2024\/02\/SimpleToUse-scaled.jpg\" class=\"attachment-full size-full wp-image-21692\" alt=\"\" srcset=\"https:\/\/accademiamugnano.it\/wp-content\/uploads\/2024\/02\/SimpleToUse-scaled.jpg 2560w, https:\/\/accademiamugnano.it\/wp-content\/uploads\/2024\/02\/SimpleToUse-300x104.jpg 300w, https:\/\/accademiamugnano.it\/wp-content\/uploads\/2024\/02\/SimpleToUse-1024x356.jpg 1024w, https:\/\/accademiamugnano.it\/wp-content\/uploads\/2024\/02\/SimpleToUse-768x267.jpg 768w, https:\/\/accademiamugnano.it\/wp-content\/uploads\/2024\/02\/SimpleToUse-1536x534.jpg 1536w, https:\/\/accademiamugnano.it\/wp-content\/uploads\/2024\/02\/SimpleToUse-1320x459.jpg 1320w, https:\/\/accademiamugnano.it\/wp-content\/uploads\/2024\/02\/SimpleToUse-600x208.jpg 600w\" sizes=\"(max-width: 2560px) 100vw, 2560px\" \/>\t\t\t\t\t\t\t\t\t\t\t\t\t\t\t<\/div>\n\t\t\t\t<\/div>\n\t\t\t\t\t<\/div>\n\t\t<\/div>\n\t\t\t\t\t<\/div>\n\t\t<\/section>\n\t\t\t\t<section class=\"elementor-section elementor-top-section elementor-element elementor-element-ba17bcb elementor-section-stretched elementor-section-boxed elementor-section-height-default elementor-section-height-default qodef-parallax-row-no qodef-content-aligment-left qodef-row-grid-no qodef-disabled-bg-image-bellow-no\" data-id=\"ba17bcb\" data-element_type=\"section\" data-e-type=\"section\" data-settings=\"{&quot;stretch_section&quot;:&quot;section-stretched&quot;}\">\n\t\t\t\t\t\t<div class=\"elementor-container elementor-column-gap-default\">\n\t\t\t\t\t<div class=\"elementor-column elementor-col-50 elementor-top-column elementor-element elementor-element-1552bb6\" data-id=\"1552bb6\" data-element_type=\"column\" data-e-type=\"column\">\n\t\t\t<div class=\"elementor-widget-wrap elementor-element-populated\">\n\t\t\t\t\t\t<div class=\"elementor-element elementor-element-4b45de3 elementor-widget__width-initial elementor-widget elementor-widget-text-editor\" data-id=\"4b45de3\" data-element_type=\"widget\" data-e-type=\"widget\" data-widget_type=\"text-editor.default\">\n\t\t\t\t<div class=\"elementor-widget-container\">\n\t\t\t\t\t\t\t\t\t<p><span style=\"color: #808080;\">Notre philosophie est de rechercher et de d\u00e9velopper en permanence de <strong>nouvelles solutions<\/strong> qui contribuent \u00e0 rendre la vie dans la cuisine plus facile et meilleure. Nous croyons en des valeurs telles que la tradition, la qualit\u00e9, le design, la s\u00e9curit\u00e9 et la durabilit\u00e9.<\/span><\/p><p><span style=\"color: #808080;\">Gr\u00e2ce \u00e0 l&#8217;application des normes internationales les plus strictes, \u00e0 la qualit\u00e9 des mat\u00e9riaux utilis\u00e9s et \u00e0 l&#8217;utilisation de <strong>rev\u00eatements antiadh\u00e9sifs<\/strong>, nous pensons qu&#8217;il est possible de r\u00e9aliser les recettes les plus complexes dans les cuisines de tous les foyers du monde. Nous travaillons <strong>pour cr\u00e9er de la valeur en plus du profit<\/strong>: les consommateurs et l&#8217;environnement sont au centre de notre processus de prise de d\u00e9cision.<\/span><\/p>\t\t\t\t\t\t\t\t<\/div>\n\t\t\t\t<\/div>\n\t\t\t\t\t<\/div>\n\t\t<\/div>\n\t\t\t\t<div class=\"elementor-column elementor-col-50 elementor-top-column elementor-element elementor-element-edc199a\" data-id=\"edc199a\" data-element_type=\"column\" data-e-type=\"column\">\n\t\t\t<div class=\"elementor-widget-wrap elementor-element-populated\">\n\t\t\t\t\t\t<div class=\"elementor-element elementor-element-3b54852 elementor-widget__width-initial elementor-widget elementor-widget-image\" data-id=\"3b54852\" data-element_type=\"widget\" data-e-type=\"widget\" data-widget_type=\"image.default\">\n\t\t\t\t<div class=\"elementor-widget-container\">\n\t\t\t\t\t\t\t\t\t\t\t\t\t\t\t<img decoding=\"async\" width=\"1281\" height=\"570\" src=\"https:\/\/accademiamugnano.it\/wp-content\/uploads\/2024\/02\/FoodIcons.jpg\" class=\"attachment-full size-full wp-image-21694\" alt=\"\" srcset=\"https:\/\/accademiamugnano.it\/wp-content\/uploads\/2024\/02\/FoodIcons.jpg 1281w, https:\/\/accademiamugnano.it\/wp-content\/uploads\/2024\/02\/FoodIcons-300x133.jpg 300w, https:\/\/accademiamugnano.it\/wp-content\/uploads\/2024\/02\/FoodIcons-1024x456.jpg 1024w, https:\/\/accademiamugnano.it\/wp-content\/uploads\/2024\/02\/FoodIcons-768x342.jpg 768w, https:\/\/accademiamugnano.it\/wp-content\/uploads\/2024\/02\/FoodIcons-600x267.jpg 600w\" sizes=\"(max-width: 1281px) 100vw, 1281px\" \/>\t\t\t\t\t\t\t\t\t\t\t\t\t\t\t<\/div>\n\t\t\t\t<\/div>\n\t\t\t\t\t<\/div>\n\t\t<\/div>\n\t\t\t\t\t<\/div>\n\t\t<\/section>\n\t\t\t\t<section class=\"elementor-section elementor-top-section elementor-element elementor-element-86e5c58 elementor-section-full_width elementor-section-stretched elementor-section-height-default elementor-section-height-default qodef-parallax-row-no qodef-content-aligment-left qodef-row-grid-no qodef-disabled-bg-image-bellow-no\" data-id=\"86e5c58\" data-element_type=\"section\" data-e-type=\"section\" data-settings=\"{&quot;stretch_section&quot;:&quot;section-stretched&quot;}\">\n\t\t\t\t\t\t<div class=\"elementor-container elementor-column-gap-no\">\n\t\t\t\t\t<div class=\"elementor-column elementor-col-100 elementor-top-column elementor-element elementor-element-c782cba\" data-id=\"c782cba\" data-element_type=\"column\" data-e-type=\"column\">\n\t\t\t<div class=\"elementor-widget-wrap elementor-element-populated\">\n\t\t\t\t\t\t<div class=\"elementor-element elementor-element-759bd03 elementor-widget elementor-widget-image\" data-id=\"759bd03\" data-element_type=\"widget\" data-e-type=\"widget\" data-widget_type=\"image.default\">\n\t\t\t\t<div class=\"elementor-widget-container\">\n\t\t\t\t\t\t\t\t\t\t\t\t\t\t\t<img loading=\"lazy\" decoding=\"async\" width=\"2560\" height=\"1319\" src=\"https:\/\/accademiamugnano.it\/wp-content\/uploads\/2024\/02\/CHPDL28-scaled.jpg\" class=\"attachment-full size-full wp-image-21693\" alt=\"\" srcset=\"https:\/\/accademiamugnano.it\/wp-content\/uploads\/2024\/02\/CHPDL28-scaled.jpg 2560w, https:\/\/accademiamugnano.it\/wp-content\/uploads\/2024\/02\/CHPDL28-300x155.jpg 300w, https:\/\/accademiamugnano.it\/wp-content\/uploads\/2024\/02\/CHPDL28-1024x527.jpg 1024w, https:\/\/accademiamugnano.it\/wp-content\/uploads\/2024\/02\/CHPDL28-768x396.jpg 768w, https:\/\/accademiamugnano.it\/wp-content\/uploads\/2024\/02\/CHPDL28-1536x791.jpg 1536w, https:\/\/accademiamugnano.it\/wp-content\/uploads\/2024\/02\/CHPDL28-1320x680.jpg 1320w, https:\/\/accademiamugnano.it\/wp-content\/uploads\/2024\/02\/CHPDL28-600x309.jpg 600w\" sizes=\"(max-width: 2560px) 100vw, 2560px\" \/>\t\t\t\t\t\t\t\t\t\t\t\t\t\t\t<\/div>\n\t\t\t\t<\/div>\n\t\t\t\t\t<\/div>\n\t\t<\/div>\n\t\t\t\t\t<\/div>\n\t\t<\/section>\n\t\t\t\t<section class=\"elementor-section elementor-top-section elementor-element elementor-element-f8eb7e8 elementor-section-stretched elementor-section-boxed elementor-section-height-default elementor-section-height-default qodef-parallax-row-no qodef-content-aligment-left qodef-row-grid-no qodef-disabled-bg-image-bellow-no\" data-id=\"f8eb7e8\" data-element_type=\"section\" data-e-type=\"section\" data-settings=\"{&quot;stretch_section&quot;:&quot;section-stretched&quot;,&quot;motion_fx_motion_fx_scrolling&quot;:&quot;yes&quot;,&quot;motion_fx_opacity_effect&quot;:&quot;yes&quot;,&quot;motion_fx_opacity_range&quot;:{&quot;unit&quot;:&quot;%&quot;,&quot;size&quot;:&quot;&quot;,&quot;sizes&quot;:{&quot;start&quot;:42,&quot;end&quot;:54}},&quot;motion_fx_opacity_direction&quot;:&quot;out-in&quot;,&quot;motion_fx_opacity_level&quot;:{&quot;unit&quot;:&quot;px&quot;,&quot;size&quot;:10,&quot;sizes&quot;:[]},&quot;motion_fx_devices&quot;:[&quot;desktop&quot;,&quot;tablet&quot;,&quot;mobile&quot;]}\">\n\t\t\t\t\t\t<div class=\"elementor-container elementor-column-gap-default\">\n\t\t\t\t\t<div class=\"elementor-column elementor-col-50 elementor-top-column elementor-element elementor-element-0671da4\" data-id=\"0671da4\" data-element_type=\"column\" data-e-type=\"column\">\n\t\t\t<div class=\"elementor-widget-wrap elementor-element-populated\">\n\t\t\t\t\t\t<div class=\"elementor-element elementor-element-2b37cba elementor-widget__width-initial elementor-widget elementor-widget-text-editor\" data-id=\"2b37cba\" data-element_type=\"widget\" data-e-type=\"widget\" data-widget_type=\"text-editor.default\">\n\t\t\t\t<div class=\"elementor-widget-container\">\n\t\t\t\t\t\t\t\t\t<p><span style=\"color: #808080;\">Il est important pour nous que nos ustensiles de cuisine soient <strong>beaux, s\u00fbrs et, surtout, faciles \u00e0 utiliser<\/strong>. Des compagnons fid\u00e8les et irrempla\u00e7ables con\u00e7us pour simplifier la vie en cuisine.<\/span><\/p><p><span style=\"color: #808080;\">Toute notre activit\u00e9 a toujours \u00e9t\u00e9 orient\u00e9e vers cette mission, de la conception \u00e0 la production et au service apr\u00e8s-vente, avec une formule qui est l&#8217;expression d&#8217;un <strong>savoir-faire artisanal et industriel typique du Made in Italy.<\/strong><\/span><\/p>\t\t\t\t\t\t\t\t<\/div>\n\t\t\t\t<\/div>\n\t\t\t\t\t<\/div>\n\t\t<\/div>\n\t\t\t\t<div class=\"elementor-column elementor-col-50 elementor-top-column elementor-element elementor-element-b315d93\" data-id=\"b315d93\" data-element_type=\"column\" data-e-type=\"column\">\n\t\t\t<div class=\"elementor-widget-wrap elementor-element-populated\">\n\t\t\t\t\t\t<div class=\"elementor-element elementor-element-3695415 elementor-widget__width-initial elementor-widget elementor-widget-image\" data-id=\"3695415\" data-element_type=\"widget\" data-e-type=\"widget\" data-widget_type=\"image.default\">\n\t\t\t\t<div class=\"elementor-widget-container\">\n\t\t\t\t\t\t\t\t\t\t\t\t\t\t\t<img loading=\"lazy\" decoding=\"async\" width=\"740\" height=\"730\" src=\"https:\/\/accademiamugnano.it\/wp-content\/uploads\/2024\/02\/ItalyFlag.jpg\" class=\"attachment-full size-full wp-image-21696\" alt=\"\" srcset=\"https:\/\/accademiamugnano.it\/wp-content\/uploads\/2024\/02\/ItalyFlag.jpg 740w, https:\/\/accademiamugnano.it\/wp-content\/uploads\/2024\/02\/ItalyFlag-300x296.jpg 300w, https:\/\/accademiamugnano.it\/wp-content\/uploads\/2024\/02\/ItalyFlag-600x592.jpg 600w, https:\/\/accademiamugnano.it\/wp-content\/uploads\/2024\/02\/ItalyFlag-100x100.jpg 100w, https:\/\/accademiamugnano.it\/wp-content\/uploads\/2024\/02\/ItalyFlag-50x50.jpg 50w\" sizes=\"(max-width: 740px) 100vw, 740px\" \/>\t\t\t\t\t\t\t\t\t\t\t\t\t\t\t<\/div>\n\t\t\t\t<\/div>\n\t\t\t\t\t<\/div>\n\t\t<\/div>\n\t\t\t\t\t<\/div>\n\t\t<\/section>\n\t\t\t\t<\/div>\n\t\t","protected":false},"excerpt":{"rendered":"<p>https:\/\/accademiamugnano.it\/wp-content\/uploads\/2024\/02\/gif-padella.mp4 Notre philosophie est de rechercher et de d\u00e9velopper en permanence de nouvelles solutions qui contribuent \u00e0 rendre la vie dans la cuisine plus facile et meilleure. Nous croyons en des valeurs telles que la tradition, la qualit\u00e9, le design, [&hellip;]<\/p>\n","protected":false},"author":13491,"featured_media":40852,"parent":0,"menu_order":0,"comment_status":"closed","ping_status":"closed","template":"elementor_theme","meta":{"_acf_changed":false,"footnotes":""},"class_list":["post-44030","page","type-page","status-publish","has-post-thumbnail","hentry"],"acf":[],"yoast_head":"<!-- This site is optimized with the Yoast SEO plugin v27.3 - https:\/\/yoast.com\/product\/yoast-seo-wordpress\/ -->\n<title>Filosophie - Accademia Mugnano<\/title>\n<meta name=\"description\" content=\"Tradition, qualit\u00e9 et s\u00e9curit\u00e9 : voici quelques-unes des valeurs que l&#039;Accademia Mugnano a toujours respect\u00e9es.\" \/>\n<meta name=\"robots\" content=\"index, follow, max-snippet:-1, max-image-preview:large, max-video-preview:-1\" \/>\n<link rel=\"canonical\" href=\"https:\/\/accademiamugnano.it\/fr\/filosophie\/\" \/>\n<meta property=\"og:locale\" content=\"fr_FR\" \/>\n<meta property=\"og:type\" content=\"article\" \/>\n<meta property=\"og:title\" content=\"Filosophie - Accademia Mugnano\" \/>\n<meta property=\"og:description\" content=\"Tradition, qualit\u00e9 et s\u00e9curit\u00e9 : voici quelques-unes des valeurs que l&#039;Accademia Mugnano a toujours respect\u00e9es.\" \/>\n<meta property=\"og:url\" content=\"https:\/\/accademiamugnano.it\/fr\/filosophie\/\" \/>\n<meta property=\"og:site_name\" content=\"Accademia Mugnano\" \/>\n<meta property=\"article:modified_time\" content=\"2024-05-20T11:54:59+00:00\" \/>\n<meta property=\"og:image\" content=\"https:\/\/accademiamugnano.it\/wp-content\/uploads\/2024\/02\/ItalyFlag.jpg\" \/>\n\t<meta property=\"og:image:width\" content=\"740\" \/>\n\t<meta property=\"og:image:height\" content=\"730\" \/>\n\t<meta property=\"og:image:type\" content=\"image\/jpeg\" \/>\n<meta name=\"twitter:card\" content=\"summary_large_image\" \/>\n<meta name=\"twitter:label1\" content=\"Dur\u00e9e de lecture estim\u00e9e\" \/>\n\t<meta name=\"twitter:data1\" content=\"2 minutes\" \/>\n<script type=\"application\/ld+json\" class=\"yoast-schema-graph\">{\"@context\":\"https:\\\/\\\/schema.org\",\"@graph\":[{\"@type\":\"WebPage\",\"@id\":\"https:\\\/\\\/accademiamugnano.it\\\/fr\\\/filosophie\\\/\",\"url\":\"https:\\\/\\\/accademiamugnano.it\\\/fr\\\/filosophie\\\/\",\"name\":\"Filosophie - Accademia Mugnano\",\"isPartOf\":{\"@id\":\"https:\\\/\\\/accademiamugnano.it\\\/fr\\\/#website\"},\"primaryImageOfPage\":{\"@id\":\"https:\\\/\\\/accademiamugnano.it\\\/fr\\\/filosophie\\\/#primaryimage\"},\"image\":{\"@id\":\"https:\\\/\\\/accademiamugnano.it\\\/fr\\\/filosophie\\\/#primaryimage\"},\"thumbnailUrl\":\"https:\\\/\\\/accademiamugnano.it\\\/wp-content\\\/uploads\\\/2024\\\/02\\\/ItalyFlag.jpg\",\"datePublished\":\"2024-02-06T12:37:03+00:00\",\"dateModified\":\"2024-05-20T11:54:59+00:00\",\"description\":\"Tradition, qualit\u00e9 et s\u00e9curit\u00e9 : voici quelques-unes des valeurs que l'Accademia Mugnano a toujours respect\u00e9es.\",\"breadcrumb\":{\"@id\":\"https:\\\/\\\/accademiamugnano.it\\\/fr\\\/filosophie\\\/#breadcrumb\"},\"inLanguage\":\"fr-FR\",\"potentialAction\":[{\"@type\":\"ReadAction\",\"target\":[\"https:\\\/\\\/accademiamugnano.it\\\/fr\\\/filosophie\\\/\"]}]},{\"@type\":\"ImageObject\",\"inLanguage\":\"fr-FR\",\"@id\":\"https:\\\/\\\/accademiamugnano.it\\\/fr\\\/filosophie\\\/#primaryimage\",\"url\":\"https:\\\/\\\/accademiamugnano.it\\\/wp-content\\\/uploads\\\/2024\\\/02\\\/ItalyFlag.jpg\",\"contentUrl\":\"https:\\\/\\\/accademiamugnano.it\\\/wp-content\\\/uploads\\\/2024\\\/02\\\/ItalyFlag.jpg\",\"width\":740,\"height\":730},{\"@type\":\"BreadcrumbList\",\"@id\":\"https:\\\/\\\/accademiamugnano.it\\\/fr\\\/filosophie\\\/#breadcrumb\",\"itemListElement\":[{\"@type\":\"ListItem\",\"position\":1,\"name\":\"Home\",\"item\":\"https:\\\/\\\/accademiamugnano.it\\\/fr\\\/\"},{\"@type\":\"ListItem\",\"position\":2,\"name\":\"Filosophie\"}]},{\"@type\":\"WebSite\",\"@id\":\"https:\\\/\\\/accademiamugnano.it\\\/fr\\\/#website\",\"url\":\"https:\\\/\\\/accademiamugnano.it\\\/fr\\\/\",\"name\":\"Accademia Mugnano\",\"description\":\"Pentole e padelle made in Italy antiaderenti in alluminio. Cucina sano, cucina italiano.\",\"publisher\":{\"@id\":\"https:\\\/\\\/accademiamugnano.it\\\/fr\\\/#organization\"},\"potentialAction\":[{\"@type\":\"SearchAction\",\"target\":{\"@type\":\"EntryPoint\",\"urlTemplate\":\"https:\\\/\\\/accademiamugnano.it\\\/fr\\\/?s={search_term_string}\"},\"query-input\":{\"@type\":\"PropertyValueSpecification\",\"valueRequired\":true,\"valueName\":\"search_term_string\"}}],\"inLanguage\":\"fr-FR\"},{\"@type\":\"Organization\",\"@id\":\"https:\\\/\\\/accademiamugnano.it\\\/fr\\\/#organization\",\"name\":\"Accademia Mugnano\",\"url\":\"https:\\\/\\\/accademiamugnano.it\\\/fr\\\/\",\"logo\":{\"@type\":\"ImageObject\",\"inLanguage\":\"fr-FR\",\"@id\":\"https:\\\/\\\/accademiamugnano.it\\\/fr\\\/#\\\/schema\\\/logo\\\/image\\\/\",\"url\":\"https:\\\/\\\/accademiamugnano.it\\\/wp-content\\\/uploads\\\/2023\\\/09\\\/Accademia-Mugnano.png\",\"contentUrl\":\"https:\\\/\\\/accademiamugnano.it\\\/wp-content\\\/uploads\\\/2023\\\/09\\\/Accademia-Mugnano.png\",\"width\":1824,\"height\":585,\"caption\":\"Accademia Mugnano\"},\"image\":{\"@id\":\"https:\\\/\\\/accademiamugnano.it\\\/fr\\\/#\\\/schema\\\/logo\\\/image\\\/\"}}]}<\/script>\n<!-- \/ Yoast SEO plugin. -->","yoast_head_json":{"title":"Filosophie - Accademia Mugnano","description":"Tradition, qualit\u00e9 et s\u00e9curit\u00e9 : voici quelques-unes des valeurs que l'Accademia Mugnano a toujours respect\u00e9es.","robots":{"index":"index","follow":"follow","max-snippet":"max-snippet:-1","max-image-preview":"max-image-preview:large","max-video-preview":"max-video-preview:-1"},"canonical":"https:\/\/accademiamugnano.it\/fr\/filosophie\/","og_locale":"fr_FR","og_type":"article","og_title":"Filosophie - Accademia Mugnano","og_description":"Tradition, qualit\u00e9 et s\u00e9curit\u00e9 : voici quelques-unes des valeurs que l'Accademia Mugnano a toujours respect\u00e9es.","og_url":"https:\/\/accademiamugnano.it\/fr\/filosophie\/","og_site_name":"Accademia Mugnano","article_modified_time":"2024-05-20T11:54:59+00:00","og_image":[{"width":740,"height":730,"url":"https:\/\/accademiamugnano.it\/wp-content\/uploads\/2024\/02\/ItalyFlag.jpg","type":"image\/jpeg"}],"twitter_card":"summary_large_image","twitter_misc":{"Dur\u00e9e de lecture estim\u00e9e":"2 minutes"},"schema":{"@context":"https:\/\/schema.org","@graph":[{"@type":"WebPage","@id":"https:\/\/accademiamugnano.it\/fr\/filosophie\/","url":"https:\/\/accademiamugnano.it\/fr\/filosophie\/","name":"Filosophie - Accademia Mugnano","isPartOf":{"@id":"https:\/\/accademiamugnano.it\/fr\/#website"},"primaryImageOfPage":{"@id":"https:\/\/accademiamugnano.it\/fr\/filosophie\/#primaryimage"},"image":{"@id":"https:\/\/accademiamugnano.it\/fr\/filosophie\/#primaryimage"},"thumbnailUrl":"https:\/\/accademiamugnano.it\/wp-content\/uploads\/2024\/02\/ItalyFlag.jpg","datePublished":"2024-02-06T12:37:03+00:00","dateModified":"2024-05-20T11:54:59+00:00","description":"Tradition, qualit\u00e9 et s\u00e9curit\u00e9 : voici quelques-unes des valeurs que l'Accademia Mugnano a toujours respect\u00e9es.","breadcrumb":{"@id":"https:\/\/accademiamugnano.it\/fr\/filosophie\/#breadcrumb"},"inLanguage":"fr-FR","potentialAction":[{"@type":"ReadAction","target":["https:\/\/accademiamugnano.it\/fr\/filosophie\/"]}]},{"@type":"ImageObject","inLanguage":"fr-FR","@id":"https:\/\/accademiamugnano.it\/fr\/filosophie\/#primaryimage","url":"https:\/\/accademiamugnano.it\/wp-content\/uploads\/2024\/02\/ItalyFlag.jpg","contentUrl":"https:\/\/accademiamugnano.it\/wp-content\/uploads\/2024\/02\/ItalyFlag.jpg","width":740,"height":730},{"@type":"BreadcrumbList","@id":"https:\/\/accademiamugnano.it\/fr\/filosophie\/#breadcrumb","itemListElement":[{"@type":"ListItem","position":1,"name":"Home","item":"https:\/\/accademiamugnano.it\/fr\/"},{"@type":"ListItem","position":2,"name":"Filosophie"}]},{"@type":"WebSite","@id":"https:\/\/accademiamugnano.it\/fr\/#website","url":"https:\/\/accademiamugnano.it\/fr\/","name":"Accademia Mugnano","description":"Pentole e padelle made in Italy antiaderenti in alluminio. Cucina sano, cucina italiano.","publisher":{"@id":"https:\/\/accademiamugnano.it\/fr\/#organization"},"potentialAction":[{"@type":"SearchAction","target":{"@type":"EntryPoint","urlTemplate":"https:\/\/accademiamugnano.it\/fr\/?s={search_term_string}"},"query-input":{"@type":"PropertyValueSpecification","valueRequired":true,"valueName":"search_term_string"}}],"inLanguage":"fr-FR"},{"@type":"Organization","@id":"https:\/\/accademiamugnano.it\/fr\/#organization","name":"Accademia Mugnano","url":"https:\/\/accademiamugnano.it\/fr\/","logo":{"@type":"ImageObject","inLanguage":"fr-FR","@id":"https:\/\/accademiamugnano.it\/fr\/#\/schema\/logo\/image\/","url":"https:\/\/accademiamugnano.it\/wp-content\/uploads\/2023\/09\/Accademia-Mugnano.png","contentUrl":"https:\/\/accademiamugnano.it\/wp-content\/uploads\/2023\/09\/Accademia-Mugnano.png","width":1824,"height":585,"caption":"Accademia Mugnano"},"image":{"@id":"https:\/\/accademiamugnano.it\/fr\/#\/schema\/logo\/image\/"}}]}},"_links":{"self":[{"href":"https:\/\/accademiamugnano.it\/fr\/wp-json\/wp\/v2\/pages\/44030","targetHints":{"allow":["GET"]}}],"collection":[{"href":"https:\/\/accademiamugnano.it\/fr\/wp-json\/wp\/v2\/pages"}],"about":[{"href":"https:\/\/accademiamugnano.it\/fr\/wp-json\/wp\/v2\/types\/page"}],"author":[{"embeddable":true,"href":"https:\/\/accademiamugnano.it\/fr\/wp-json\/wp\/v2\/users\/13491"}],"replies":[{"embeddable":true,"href":"https:\/\/accademiamugnano.it\/fr\/wp-json\/wp\/v2\/comments?post=44030"}],"version-history":[{"count":0,"href":"https:\/\/accademiamugnano.it\/fr\/wp-json\/wp\/v2\/pages\/44030\/revisions"}],"wp:featuredmedia":[{"embeddable":true,"href":"https:\/\/accademiamugnano.it\/fr\/wp-json\/wp\/v2\/media\/40852"}],"wp:attachment":[{"href":"https:\/\/accademiamugnano.it\/fr\/wp-json\/wp\/v2\/media?parent=44030"}],"curies":[{"name":"wp","href":"https:\/\/api.w.org\/{rel}","templated":true}]}}