{"id":19818,"date":"2023-11-25T18:26:38","date_gmt":"2023-11-25T17:26:38","guid":{"rendered":"https:\/\/accademiamugnano.it\/?post_type=product&#038;p=19818"},"modified":"2026-03-26T18:54:20","modified_gmt":"2026-03-26T17:54:20","slug":"girafrittata-antiaderente-sale-pepe","status":"publish","type":"product","link":"https:\/\/accademiamugnano.it\/en\/prodotto\/girafrittata-antiaderente-sale-pepe\/","title":{"rendered":"Girafrittata antiaderente 24cm &#8211; SALE &#038; PEPE"},"content":{"rendered":"<p><b>Sale &amp; Pepe<\/b><span style=\"font-weight: 400;\"> \u00e8 la linea di padelle, pentole e teglie antiaderenti pensata per chi cerca funzionalit\u00e0 e convenienza senza rinunciare alla qualit\u00e0. Progettata per affrontare la cucina di tutti i giorni, offre una gamma completa di utensili pratici e resistenti, adatti a ogni esigenza.<\/span><\/p>\n<h6><\/h6>\n<p><span style=\"font-weight: 400;\">Il <\/span><b>rivestimento AM Salus Hard System<\/b><span style=\"font-weight: 400;\"> garantisce antiaderenza duratura e resistenza a graffi e abrasioni, facilitando la preparazione dei cibi in modo sano e senza sforzo.<\/span><\/p>\n<h6><\/h6>\n<p><span style=\"font-weight: 400;\">Il <\/span><b>corpo in alluminio <\/b><span style=\"font-weight: 400;\">assicura la giusta distribuzione del calore e una cottura omogenea. Il fondo micro rettificato a cerchi concentrici garantisce stabilit\u00e0 e planarit\u00e0 su tutte le superfici, eccetto l\u2019induzione.<\/span><\/p>\n<h6><\/h6>\n<p><span style=\"font-weight: 400;\">I <\/span><b>manici ergonomici in bakelite satinata nera<\/b><span style=\"font-weight: 400;\">, resistenti al calore, e il <\/span><b>rivestimento esterno grigio chiaro<\/b><span style=\"font-weight: 400;\"> con decorazione a macchie flessografata, conferiscono un look semplice e moderno.<\/span><\/p>\n<h6><\/h6>\n<p><b>Sale &amp; Pepe<\/b><span style=\"font-weight: 400;\"> \u00e8 la scelta intelligente per chi vuole un prodotto <\/span><b>affidabile, facile da usare e dal prezzo accessibile<\/b><span style=\"font-weight: 400;\">, perfetto per l\u2019uso quotidiano in ogni cucina.<\/span><\/p>\n","protected":false},"excerpt":{"rendered":"<p>Gira frittata 24cm antiaderente &#8211; SALE &amp; PEPE<\/p>\n","protected":false},"featured_media":20366,"template":"","meta":{"_acf_changed":false},"product_brand":[],"product_cat":[590,610],"product_tag":[666,173],"class_list":{"0":"post-19818","1":"product","2":"type-product","3":"status-publish","4":"has-post-thumbnail","6":"product_cat-girafrittata","7":"product_cat-linea-sale-pepe","8":"product_tag-girafrittata","9":"product_tag-non-induzione","10":"pa_tipologia-cottura-elettrico","11":"pa_tipologia-cottura-gas","13":"first","14":"instock","15":"taxable","16":"shipping-taxable","17":"purchasable","18":"product-type-simple"},"acf":[],"yoast_head":"<!-- This site is optimized with the Yoast SEO plugin v27.3 - https:\/\/yoast.com\/product\/yoast-seo-wordpress\/ -->\n<title>Girafrittata antiaderente 24cm - SALE &amp; PEPE - Accademia Mugnano<\/title>\n<meta name=\"description\" content=\"Fornetto per frittate in alluminio puro al 99,5% antiaderente per una cottura pratica e veloce. Colorazione grigio chiaro puntinato - Sale &amp; Pepe\" \/>\n<meta name=\"robots\" content=\"index, follow, max-snippet:-1, max-image-preview:large, max-video-preview:-1\" \/>\n<link rel=\"canonical\" href=\"https:\/\/accademiamugnano.it\/en\/prodotto\/girafrittata-antiaderente-sale-pepe\/\" \/>\n<meta property=\"og:locale\" content=\"en_US\" \/>\n<meta property=\"og:type\" content=\"article\" \/>\n<meta property=\"og:title\" content=\"Girafrittata antiaderente 24cm - SALE &amp; PEPE - Accademia Mugnano\" \/>\n<meta property=\"og:description\" content=\"Fornetto per frittate in alluminio puro al 99,5% antiaderente per una cottura pratica e veloce. Colorazione grigio chiaro puntinato - Sale &amp; Pepe\" \/>\n<meta property=\"og:url\" content=\"https:\/\/accademiamugnano.it\/en\/prodotto\/girafrittata-antiaderente-sale-pepe\/\" \/>\n<meta property=\"og:site_name\" content=\"Accademia Mugnano\" \/>\n<meta property=\"article:modified_time\" content=\"2026-03-26T17:54:20+00:00\" \/>\n<meta property=\"og:image\" content=\"https:\/\/accademiamugnano.it\/wp-content\/uploads\/2023\/11\/SPFRN24-1.jpg\" \/>\n\t<meta property=\"og:image:width\" content=\"800\" \/>\n\t<meta property=\"og:image:height\" content=\"800\" \/>\n\t<meta property=\"og:image:type\" content=\"image\/jpeg\" \/>\n<meta name=\"twitter:card\" content=\"summary_large_image\" \/>\n<meta name=\"twitter:label1\" content=\"Est. reading time\" \/>\n\t<meta name=\"twitter:data1\" content=\"2 minutes\" \/>\n<script type=\"application\/ld+json\" class=\"yoast-schema-graph\">{\"@context\":\"https:\\\/\\\/schema.org\",\"@graph\":[{\"@type\":\"WebPage\",\"@id\":\"https:\\\/\\\/accademiamugnano.it\\\/en\\\/prodotto\\\/girafrittata-antiaderente-sale-pepe\\\/\",\"url\":\"https:\\\/\\\/accademiamugnano.it\\\/en\\\/prodotto\\\/girafrittata-antiaderente-sale-pepe\\\/\",\"name\":\"Girafrittata antiaderente 24cm - SALE & PEPE - Accademia Mugnano\",\"isPartOf\":{\"@id\":\"https:\\\/\\\/accademiamugnano.it\\\/en\\\/#website\"},\"primaryImageOfPage\":{\"@id\":\"https:\\\/\\\/accademiamugnano.it\\\/en\\\/prodotto\\\/girafrittata-antiaderente-sale-pepe\\\/#primaryimage\"},\"image\":{\"@id\":\"https:\\\/\\\/accademiamugnano.it\\\/en\\\/prodotto\\\/girafrittata-antiaderente-sale-pepe\\\/#primaryimage\"},\"thumbnailUrl\":\"https:\\\/\\\/accademiamugnano.it\\\/wp-content\\\/uploads\\\/2023\\\/11\\\/SPFRN24-1.jpg\",\"datePublished\":\"2023-11-25T17:26:38+00:00\",\"dateModified\":\"2026-03-26T17:54:20+00:00\",\"description\":\"Fornetto per frittate in alluminio puro al 99,5% antiaderente per una cottura pratica e veloce. Colorazione grigio chiaro puntinato - Sale & Pepe\",\"breadcrumb\":{\"@id\":\"https:\\\/\\\/accademiamugnano.it\\\/en\\\/prodotto\\\/girafrittata-antiaderente-sale-pepe\\\/#breadcrumb\"},\"inLanguage\":\"en-US\",\"potentialAction\":[{\"@type\":\"ReadAction\",\"target\":[\"https:\\\/\\\/accademiamugnano.it\\\/en\\\/prodotto\\\/girafrittata-antiaderente-sale-pepe\\\/\"]}]},{\"@type\":\"ImageObject\",\"inLanguage\":\"en-US\",\"@id\":\"https:\\\/\\\/accademiamugnano.it\\\/en\\\/prodotto\\\/girafrittata-antiaderente-sale-pepe\\\/#primaryimage\",\"url\":\"https:\\\/\\\/accademiamugnano.it\\\/wp-content\\\/uploads\\\/2023\\\/11\\\/SPFRN24-1.jpg\",\"contentUrl\":\"https:\\\/\\\/accademiamugnano.it\\\/wp-content\\\/uploads\\\/2023\\\/11\\\/SPFRN24-1.jpg\",\"width\":800,\"height\":800},{\"@type\":\"BreadcrumbList\",\"@id\":\"https:\\\/\\\/accademiamugnano.it\\\/en\\\/prodotto\\\/girafrittata-antiaderente-sale-pepe\\\/#breadcrumb\",\"itemListElement\":[{\"@type\":\"ListItem\",\"position\":1,\"name\":\"Home\",\"item\":\"https:\\\/\\\/accademiamugnano.it\\\/en\\\/\"},{\"@type\":\"ListItem\",\"position\":2,\"name\":\"Tutti i prodotti OLD\",\"item\":\"https:\\\/\\\/accademiamugnano.it\\\/fr\\\/?page_id=21525\"},{\"@type\":\"ListItem\",\"position\":3,\"name\":\"Girafrittata antiaderente 24cm &#8211; SALE &#038; PEPE\"}]},{\"@type\":\"WebSite\",\"@id\":\"https:\\\/\\\/accademiamugnano.it\\\/en\\\/#website\",\"url\":\"https:\\\/\\\/accademiamugnano.it\\\/en\\\/\",\"name\":\"Accademia Mugnano\",\"description\":\"Pentole e padelle made in Italy antiaderenti in alluminio. Cucina sano, cucina italiano.\",\"publisher\":{\"@id\":\"https:\\\/\\\/accademiamugnano.it\\\/en\\\/#organization\"},\"potentialAction\":[{\"@type\":\"SearchAction\",\"target\":{\"@type\":\"EntryPoint\",\"urlTemplate\":\"https:\\\/\\\/accademiamugnano.it\\\/en\\\/?s={search_term_string}\"},\"query-input\":{\"@type\":\"PropertyValueSpecification\",\"valueRequired\":true,\"valueName\":\"search_term_string\"}}],\"inLanguage\":\"en-US\"},{\"@type\":\"Organization\",\"@id\":\"https:\\\/\\\/accademiamugnano.it\\\/en\\\/#organization\",\"name\":\"Accademia Mugnano\",\"url\":\"https:\\\/\\\/accademiamugnano.it\\\/en\\\/\",\"logo\":{\"@type\":\"ImageObject\",\"inLanguage\":\"en-US\",\"@id\":\"https:\\\/\\\/accademiamugnano.it\\\/en\\\/#\\\/schema\\\/logo\\\/image\\\/\",\"url\":\"https:\\\/\\\/accademiamugnano.it\\\/wp-content\\\/uploads\\\/2023\\\/09\\\/Accademia-Mugnano.png\",\"contentUrl\":\"https:\\\/\\\/accademiamugnano.it\\\/wp-content\\\/uploads\\\/2023\\\/09\\\/Accademia-Mugnano.png\",\"width\":1824,\"height\":585,\"caption\":\"Accademia Mugnano\"},\"image\":{\"@id\":\"https:\\\/\\\/accademiamugnano.it\\\/en\\\/#\\\/schema\\\/logo\\\/image\\\/\"}}]}<\/script>\n<!-- \/ Yoast SEO plugin. -->","yoast_head_json":{"title":"Girafrittata antiaderente 24cm - SALE & PEPE - Accademia Mugnano","description":"Fornetto per frittate in alluminio puro al 99,5% antiaderente per una cottura pratica e veloce. Colorazione grigio chiaro puntinato - Sale & Pepe","robots":{"index":"index","follow":"follow","max-snippet":"max-snippet:-1","max-image-preview":"max-image-preview:large","max-video-preview":"max-video-preview:-1"},"canonical":"https:\/\/accademiamugnano.it\/en\/prodotto\/girafrittata-antiaderente-sale-pepe\/","og_locale":"en_US","og_type":"article","og_title":"Girafrittata antiaderente 24cm - SALE & PEPE - Accademia Mugnano","og_description":"Fornetto per frittate in alluminio puro al 99,5% antiaderente per una cottura pratica e veloce. Colorazione grigio chiaro puntinato - Sale & Pepe","og_url":"https:\/\/accademiamugnano.it\/en\/prodotto\/girafrittata-antiaderente-sale-pepe\/","og_site_name":"Accademia Mugnano","article_modified_time":"2026-03-26T17:54:20+00:00","og_image":[{"width":800,"height":800,"url":"https:\/\/accademiamugnano.it\/wp-content\/uploads\/2023\/11\/SPFRN24-1.jpg","type":"image\/jpeg"}],"twitter_card":"summary_large_image","twitter_misc":{"Est. reading time":"2 minutes"},"schema":{"@context":"https:\/\/schema.org","@graph":[{"@type":"WebPage","@id":"https:\/\/accademiamugnano.it\/en\/prodotto\/girafrittata-antiaderente-sale-pepe\/","url":"https:\/\/accademiamugnano.it\/en\/prodotto\/girafrittata-antiaderente-sale-pepe\/","name":"Girafrittata antiaderente 24cm - SALE & PEPE - Accademia Mugnano","isPartOf":{"@id":"https:\/\/accademiamugnano.it\/en\/#website"},"primaryImageOfPage":{"@id":"https:\/\/accademiamugnano.it\/en\/prodotto\/girafrittata-antiaderente-sale-pepe\/#primaryimage"},"image":{"@id":"https:\/\/accademiamugnano.it\/en\/prodotto\/girafrittata-antiaderente-sale-pepe\/#primaryimage"},"thumbnailUrl":"https:\/\/accademiamugnano.it\/wp-content\/uploads\/2023\/11\/SPFRN24-1.jpg","datePublished":"2023-11-25T17:26:38+00:00","dateModified":"2026-03-26T17:54:20+00:00","description":"Fornetto per frittate in alluminio puro al 99,5% antiaderente per una cottura pratica e veloce. Colorazione grigio chiaro puntinato - Sale & Pepe","breadcrumb":{"@id":"https:\/\/accademiamugnano.it\/en\/prodotto\/girafrittata-antiaderente-sale-pepe\/#breadcrumb"},"inLanguage":"en-US","potentialAction":[{"@type":"ReadAction","target":["https:\/\/accademiamugnano.it\/en\/prodotto\/girafrittata-antiaderente-sale-pepe\/"]}]},{"@type":"ImageObject","inLanguage":"en-US","@id":"https:\/\/accademiamugnano.it\/en\/prodotto\/girafrittata-antiaderente-sale-pepe\/#primaryimage","url":"https:\/\/accademiamugnano.it\/wp-content\/uploads\/2023\/11\/SPFRN24-1.jpg","contentUrl":"https:\/\/accademiamugnano.it\/wp-content\/uploads\/2023\/11\/SPFRN24-1.jpg","width":800,"height":800},{"@type":"BreadcrumbList","@id":"https:\/\/accademiamugnano.it\/en\/prodotto\/girafrittata-antiaderente-sale-pepe\/#breadcrumb","itemListElement":[{"@type":"ListItem","position":1,"name":"Home","item":"https:\/\/accademiamugnano.it\/en\/"},{"@type":"ListItem","position":2,"name":"Tutti i prodotti OLD","item":"https:\/\/accademiamugnano.it\/fr\/?page_id=21525"},{"@type":"ListItem","position":3,"name":"Girafrittata antiaderente 24cm &#8211; SALE &#038; PEPE"}]},{"@type":"WebSite","@id":"https:\/\/accademiamugnano.it\/en\/#website","url":"https:\/\/accademiamugnano.it\/en\/","name":"Accademia Mugnano","description":"Pentole e padelle made in Italy antiaderenti in alluminio. Cucina sano, cucina italiano.","publisher":{"@id":"https:\/\/accademiamugnano.it\/en\/#organization"},"potentialAction":[{"@type":"SearchAction","target":{"@type":"EntryPoint","urlTemplate":"https:\/\/accademiamugnano.it\/en\/?s={search_term_string}"},"query-input":{"@type":"PropertyValueSpecification","valueRequired":true,"valueName":"search_term_string"}}],"inLanguage":"en-US"},{"@type":"Organization","@id":"https:\/\/accademiamugnano.it\/en\/#organization","name":"Accademia Mugnano","url":"https:\/\/accademiamugnano.it\/en\/","logo":{"@type":"ImageObject","inLanguage":"en-US","@id":"https:\/\/accademiamugnano.it\/en\/#\/schema\/logo\/image\/","url":"https:\/\/accademiamugnano.it\/wp-content\/uploads\/2023\/09\/Accademia-Mugnano.png","contentUrl":"https:\/\/accademiamugnano.it\/wp-content\/uploads\/2023\/09\/Accademia-Mugnano.png","width":1824,"height":585,"caption":"Accademia Mugnano"},"image":{"@id":"https:\/\/accademiamugnano.it\/en\/#\/schema\/logo\/image\/"}}]}},"_links":{"self":[{"href":"https:\/\/accademiamugnano.it\/en\/wp-json\/wp\/v2\/product\/19818","targetHints":{"allow":["GET"]}}],"collection":[{"href":"https:\/\/accademiamugnano.it\/en\/wp-json\/wp\/v2\/product"}],"about":[{"href":"https:\/\/accademiamugnano.it\/en\/wp-json\/wp\/v2\/types\/product"}],"wp:featuredmedia":[{"embeddable":true,"href":"https:\/\/accademiamugnano.it\/en\/wp-json\/wp\/v2\/media\/20366"}],"wp:attachment":[{"href":"https:\/\/accademiamugnano.it\/en\/wp-json\/wp\/v2\/media?parent=19818"}],"wp:term":[{"taxonomy":"product_brand","embeddable":true,"href":"https:\/\/accademiamugnano.it\/en\/wp-json\/wp\/v2\/product_brand?post=19818"},{"taxonomy":"product_cat","embeddable":true,"href":"https:\/\/accademiamugnano.it\/en\/wp-json\/wp\/v2\/product_cat?post=19818"},{"taxonomy":"product_tag","embeddable":true,"href":"https:\/\/accademiamugnano.it\/en\/wp-json\/wp\/v2\/product_tag?post=19818"}],"curies":[{"name":"wp","href":"https:\/\/api.w.org\/{rel}","templated":true}]}}