{"id":19522,"date":"2023-11-23T17:51:10","date_gmt":"2023-11-23T16:51:10","guid":{"rendered":"https:\/\/accademiamugnano.it\/?post_type=product&#038;p=19522"},"modified":"2026-04-01T07:59:09","modified_gmt":"2026-04-01T05:59:09","slug":"girafrittata-antiaderente-fuoco-idee","status":"publish","type":"product","link":"https:\/\/accademiamugnano.it\/en\/prodotto\/girafrittata-antiaderente-fuoco-idee\/","title":{"rendered":"Girafrittata antiaderente &#8211; Fuoco &#038; Idee"},"content":{"rendered":"<p><strong>Girafrittata Fuoco &amp; Idee &#8211; <\/strong>Un pratico utensile indispensabile per <strong>realizzare le frittate<\/strong>\u00a0belle anche da vedere.<\/p>\n<h6><\/h6>\n<p>La sua praticit\u00e0 e versatilit\u00e0 sono i suoi punti di forza. Il corpo in alluminio puro e la qualit\u00e0 del rivestimento antiaderente\u00a0<strong>AM SALUS HARD SYSTEM<\/strong>\u00a0garantiscono una cucina sana che conserva le qualit\u00e0 nutritive dei cibi nella completa tutela dell&#8217;ambiente e della salute del consumatore.<\/p>\n<h6><\/h6>\n<p>Gli esterni sono in nero satinato, il fondo con anelli di\u00a0<strong>microrettifica antiscivolo.<\/strong>\u00a0Ideale per tutti coloro che amano la frittata.<\/p>\n","protected":false},"excerpt":{"rendered":"<p>Girafrittata antiaderente &#8211; Fuoco &amp; Idee<\/p>\n","protected":false},"featured_media":19964,"template":"","meta":{"_acf_changed":false},"product_brand":[],"product_cat":[831,602,574],"product_tag":[666,173],"class_list":{"0":"post-19522","1":"product","2":"type-product","3":"status-publish","4":"has-post-thumbnail","6":"product_cat-articoli-speciali","7":"product_cat-linea-fuoco-idee","8":"product_cat-idee-regalo","9":"product_tag-girafrittata","10":"product_tag-non-induzione","11":"pa_tipologia-cottura-elettrico","12":"pa_tipologia-cottura-gas","14":"first","15":"instock","16":"taxable","17":"shipping-taxable","18":"purchasable","19":"product-type-variable"},"acf":[],"yoast_head":"<!-- This site is optimized with the Yoast SEO plugin v27.3 - https:\/\/yoast.com\/product\/yoast-seo-wordpress\/ -->\n<title>Girafrittata antiaderente - Fuoco &amp; Idee - Accademia Mugnano<\/title>\n<meta name=\"description\" content=\"Girafrittata antiaderente per cucinare frittate belle da vedere in modo semplice e veloce - Fuoco &amp; Idee\" \/>\n<meta name=\"robots\" content=\"index, follow, max-snippet:-1, max-image-preview:large, max-video-preview:-1\" \/>\n<link rel=\"canonical\" href=\"https:\/\/accademiamugnano.it\/en\/prodotto\/girafrittata-antiaderente-fuoco-idee\/\" \/>\n<meta property=\"og:locale\" content=\"en_US\" \/>\n<meta property=\"og:type\" content=\"article\" \/>\n<meta property=\"og:title\" content=\"Girafrittata antiaderente - Fuoco &amp; Idee - Accademia Mugnano\" \/>\n<meta property=\"og:description\" content=\"Girafrittata antiaderente per cucinare frittate belle da vedere in modo semplice e veloce - Fuoco &amp; Idee\" \/>\n<meta property=\"og:url\" content=\"https:\/\/accademiamugnano.it\/en\/prodotto\/girafrittata-antiaderente-fuoco-idee\/\" \/>\n<meta property=\"og:site_name\" content=\"Accademia Mugnano\" \/>\n<meta property=\"article:modified_time\" content=\"2026-04-01T05:59:09+00:00\" \/>\n<meta property=\"og:image\" content=\"https:\/\/accademiamugnano.it\/wp-content\/uploads\/2023\/11\/FIGRF18.jpg\" \/>\n\t<meta property=\"og:image:width\" content=\"800\" \/>\n\t<meta property=\"og:image:height\" content=\"800\" \/>\n\t<meta property=\"og:image:type\" content=\"image\/jpeg\" \/>\n<meta name=\"twitter:card\" content=\"summary_large_image\" \/>\n<meta name=\"twitter:label1\" content=\"Est. reading time\" \/>\n\t<meta name=\"twitter:data1\" content=\"1 minute\" \/>\n<script type=\"application\/ld+json\" class=\"yoast-schema-graph\">{\"@context\":\"https:\\\/\\\/schema.org\",\"@graph\":[{\"@type\":\"WebPage\",\"@id\":\"https:\\\/\\\/accademiamugnano.it\\\/en\\\/prodotto\\\/girafrittata-antiaderente-fuoco-idee\\\/\",\"url\":\"https:\\\/\\\/accademiamugnano.it\\\/en\\\/prodotto\\\/girafrittata-antiaderente-fuoco-idee\\\/\",\"name\":\"Girafrittata antiaderente - Fuoco & Idee - Accademia Mugnano\",\"isPartOf\":{\"@id\":\"https:\\\/\\\/accademiamugnano.it\\\/en\\\/#website\"},\"primaryImageOfPage\":{\"@id\":\"https:\\\/\\\/accademiamugnano.it\\\/en\\\/prodotto\\\/girafrittata-antiaderente-fuoco-idee\\\/#primaryimage\"},\"image\":{\"@id\":\"https:\\\/\\\/accademiamugnano.it\\\/en\\\/prodotto\\\/girafrittata-antiaderente-fuoco-idee\\\/#primaryimage\"},\"thumbnailUrl\":\"https:\\\/\\\/accademiamugnano.it\\\/wp-content\\\/uploads\\\/2023\\\/11\\\/FIGRF18.jpg\",\"datePublished\":\"2023-11-23T16:51:10+00:00\",\"dateModified\":\"2026-04-01T05:59:09+00:00\",\"description\":\"Girafrittata antiaderente per cucinare frittate belle da vedere in modo semplice e veloce - Fuoco & Idee\",\"breadcrumb\":{\"@id\":\"https:\\\/\\\/accademiamugnano.it\\\/en\\\/prodotto\\\/girafrittata-antiaderente-fuoco-idee\\\/#breadcrumb\"},\"inLanguage\":\"en-US\",\"potentialAction\":[{\"@type\":\"ReadAction\",\"target\":[\"https:\\\/\\\/accademiamugnano.it\\\/en\\\/prodotto\\\/girafrittata-antiaderente-fuoco-idee\\\/\"]}]},{\"@type\":\"ImageObject\",\"inLanguage\":\"en-US\",\"@id\":\"https:\\\/\\\/accademiamugnano.it\\\/en\\\/prodotto\\\/girafrittata-antiaderente-fuoco-idee\\\/#primaryimage\",\"url\":\"https:\\\/\\\/accademiamugnano.it\\\/wp-content\\\/uploads\\\/2023\\\/11\\\/FIGRF18.jpg\",\"contentUrl\":\"https:\\\/\\\/accademiamugnano.it\\\/wp-content\\\/uploads\\\/2023\\\/11\\\/FIGRF18.jpg\",\"width\":800,\"height\":800,\"caption\":\"FIGRF18\"},{\"@type\":\"BreadcrumbList\",\"@id\":\"https:\\\/\\\/accademiamugnano.it\\\/en\\\/prodotto\\\/girafrittata-antiaderente-fuoco-idee\\\/#breadcrumb\",\"itemListElement\":[{\"@type\":\"ListItem\",\"position\":1,\"name\":\"Home\",\"item\":\"https:\\\/\\\/accademiamugnano.it\\\/en\\\/\"},{\"@type\":\"ListItem\",\"position\":2,\"name\":\"Tutti i prodotti OLD\",\"item\":\"https:\\\/\\\/accademiamugnano.it\\\/fr\\\/?page_id=21525\"},{\"@type\":\"ListItem\",\"position\":3,\"name\":\"Girafrittata antiaderente &#8211; Fuoco &#038; Idee\"}]},{\"@type\":\"WebSite\",\"@id\":\"https:\\\/\\\/accademiamugnano.it\\\/en\\\/#website\",\"url\":\"https:\\\/\\\/accademiamugnano.it\\\/en\\\/\",\"name\":\"Accademia Mugnano\",\"description\":\"Pentole e padelle made in Italy antiaderenti in alluminio. Cucina sano, cucina italiano.\",\"publisher\":{\"@id\":\"https:\\\/\\\/accademiamugnano.it\\\/en\\\/#organization\"},\"potentialAction\":[{\"@type\":\"SearchAction\",\"target\":{\"@type\":\"EntryPoint\",\"urlTemplate\":\"https:\\\/\\\/accademiamugnano.it\\\/en\\\/?s={search_term_string}\"},\"query-input\":{\"@type\":\"PropertyValueSpecification\",\"valueRequired\":true,\"valueName\":\"search_term_string\"}}],\"inLanguage\":\"en-US\"},{\"@type\":\"Organization\",\"@id\":\"https:\\\/\\\/accademiamugnano.it\\\/en\\\/#organization\",\"name\":\"Accademia Mugnano\",\"url\":\"https:\\\/\\\/accademiamugnano.it\\\/en\\\/\",\"logo\":{\"@type\":\"ImageObject\",\"inLanguage\":\"en-US\",\"@id\":\"https:\\\/\\\/accademiamugnano.it\\\/en\\\/#\\\/schema\\\/logo\\\/image\\\/\",\"url\":\"https:\\\/\\\/accademiamugnano.it\\\/wp-content\\\/uploads\\\/2023\\\/09\\\/Accademia-Mugnano.png\",\"contentUrl\":\"https:\\\/\\\/accademiamugnano.it\\\/wp-content\\\/uploads\\\/2023\\\/09\\\/Accademia-Mugnano.png\",\"width\":1824,\"height\":585,\"caption\":\"Accademia Mugnano\"},\"image\":{\"@id\":\"https:\\\/\\\/accademiamugnano.it\\\/en\\\/#\\\/schema\\\/logo\\\/image\\\/\"}}]}<\/script>\n<!-- \/ Yoast SEO plugin. -->","yoast_head_json":{"title":"Girafrittata antiaderente - Fuoco & Idee - Accademia Mugnano","description":"Girafrittata antiaderente per cucinare frittate belle da vedere in modo semplice e veloce - Fuoco & Idee","robots":{"index":"index","follow":"follow","max-snippet":"max-snippet:-1","max-image-preview":"max-image-preview:large","max-video-preview":"max-video-preview:-1"},"canonical":"https:\/\/accademiamugnano.it\/en\/prodotto\/girafrittata-antiaderente-fuoco-idee\/","og_locale":"en_US","og_type":"article","og_title":"Girafrittata antiaderente - Fuoco & Idee - Accademia Mugnano","og_description":"Girafrittata antiaderente per cucinare frittate belle da vedere in modo semplice e veloce - Fuoco & Idee","og_url":"https:\/\/accademiamugnano.it\/en\/prodotto\/girafrittata-antiaderente-fuoco-idee\/","og_site_name":"Accademia Mugnano","article_modified_time":"2026-04-01T05:59:09+00:00","og_image":[{"width":800,"height":800,"url":"https:\/\/accademiamugnano.it\/wp-content\/uploads\/2023\/11\/FIGRF18.jpg","type":"image\/jpeg"}],"twitter_card":"summary_large_image","twitter_misc":{"Est. reading time":"1 minute"},"schema":{"@context":"https:\/\/schema.org","@graph":[{"@type":"WebPage","@id":"https:\/\/accademiamugnano.it\/en\/prodotto\/girafrittata-antiaderente-fuoco-idee\/","url":"https:\/\/accademiamugnano.it\/en\/prodotto\/girafrittata-antiaderente-fuoco-idee\/","name":"Girafrittata antiaderente - Fuoco & Idee - Accademia Mugnano","isPartOf":{"@id":"https:\/\/accademiamugnano.it\/en\/#website"},"primaryImageOfPage":{"@id":"https:\/\/accademiamugnano.it\/en\/prodotto\/girafrittata-antiaderente-fuoco-idee\/#primaryimage"},"image":{"@id":"https:\/\/accademiamugnano.it\/en\/prodotto\/girafrittata-antiaderente-fuoco-idee\/#primaryimage"},"thumbnailUrl":"https:\/\/accademiamugnano.it\/wp-content\/uploads\/2023\/11\/FIGRF18.jpg","datePublished":"2023-11-23T16:51:10+00:00","dateModified":"2026-04-01T05:59:09+00:00","description":"Girafrittata antiaderente per cucinare frittate belle da vedere in modo semplice e veloce - Fuoco & Idee","breadcrumb":{"@id":"https:\/\/accademiamugnano.it\/en\/prodotto\/girafrittata-antiaderente-fuoco-idee\/#breadcrumb"},"inLanguage":"en-US","potentialAction":[{"@type":"ReadAction","target":["https:\/\/accademiamugnano.it\/en\/prodotto\/girafrittata-antiaderente-fuoco-idee\/"]}]},{"@type":"ImageObject","inLanguage":"en-US","@id":"https:\/\/accademiamugnano.it\/en\/prodotto\/girafrittata-antiaderente-fuoco-idee\/#primaryimage","url":"https:\/\/accademiamugnano.it\/wp-content\/uploads\/2023\/11\/FIGRF18.jpg","contentUrl":"https:\/\/accademiamugnano.it\/wp-content\/uploads\/2023\/11\/FIGRF18.jpg","width":800,"height":800,"caption":"FIGRF18"},{"@type":"BreadcrumbList","@id":"https:\/\/accademiamugnano.it\/en\/prodotto\/girafrittata-antiaderente-fuoco-idee\/#breadcrumb","itemListElement":[{"@type":"ListItem","position":1,"name":"Home","item":"https:\/\/accademiamugnano.it\/en\/"},{"@type":"ListItem","position":2,"name":"Tutti i prodotti OLD","item":"https:\/\/accademiamugnano.it\/fr\/?page_id=21525"},{"@type":"ListItem","position":3,"name":"Girafrittata antiaderente &#8211; Fuoco &#038; Idee"}]},{"@type":"WebSite","@id":"https:\/\/accademiamugnano.it\/en\/#website","url":"https:\/\/accademiamugnano.it\/en\/","name":"Accademia Mugnano","description":"Pentole e padelle made in Italy antiaderenti in alluminio. Cucina sano, cucina italiano.","publisher":{"@id":"https:\/\/accademiamugnano.it\/en\/#organization"},"potentialAction":[{"@type":"SearchAction","target":{"@type":"EntryPoint","urlTemplate":"https:\/\/accademiamugnano.it\/en\/?s={search_term_string}"},"query-input":{"@type":"PropertyValueSpecification","valueRequired":true,"valueName":"search_term_string"}}],"inLanguage":"en-US"},{"@type":"Organization","@id":"https:\/\/accademiamugnano.it\/en\/#organization","name":"Accademia Mugnano","url":"https:\/\/accademiamugnano.it\/en\/","logo":{"@type":"ImageObject","inLanguage":"en-US","@id":"https:\/\/accademiamugnano.it\/en\/#\/schema\/logo\/image\/","url":"https:\/\/accademiamugnano.it\/wp-content\/uploads\/2023\/09\/Accademia-Mugnano.png","contentUrl":"https:\/\/accademiamugnano.it\/wp-content\/uploads\/2023\/09\/Accademia-Mugnano.png","width":1824,"height":585,"caption":"Accademia Mugnano"},"image":{"@id":"https:\/\/accademiamugnano.it\/en\/#\/schema\/logo\/image\/"}}]}},"_links":{"self":[{"href":"https:\/\/accademiamugnano.it\/en\/wp-json\/wp\/v2\/product\/19522","targetHints":{"allow":["GET"]}}],"collection":[{"href":"https:\/\/accademiamugnano.it\/en\/wp-json\/wp\/v2\/product"}],"about":[{"href":"https:\/\/accademiamugnano.it\/en\/wp-json\/wp\/v2\/types\/product"}],"wp:featuredmedia":[{"embeddable":true,"href":"https:\/\/accademiamugnano.it\/en\/wp-json\/wp\/v2\/media\/19964"}],"wp:attachment":[{"href":"https:\/\/accademiamugnano.it\/en\/wp-json\/wp\/v2\/media?parent=19522"}],"wp:term":[{"taxonomy":"product_brand","embeddable":true,"href":"https:\/\/accademiamugnano.it\/en\/wp-json\/wp\/v2\/product_brand?post=19522"},{"taxonomy":"product_cat","embeddable":true,"href":"https:\/\/accademiamugnano.it\/en\/wp-json\/wp\/v2\/product_cat?post=19522"},{"taxonomy":"product_tag","embeddable":true,"href":"https:\/\/accademiamugnano.it\/en\/wp-json\/wp\/v2\/product_tag?post=19522"}],"curies":[{"name":"wp","href":"https:\/\/api.w.org\/{rel}","templated":true}]}}