{"id":19438,"date":"2023-11-23T17:49:47","date_gmt":"2023-11-23T16:49:47","guid":{"rendered":"https:\/\/accademiamugnano.it\/?post_type=product&#038;p=19438"},"modified":"2026-04-15T15:26:18","modified_gmt":"2026-04-15T13:26:18","slug":"tegame-2-maniglie-coperchio-alluminio-compatibile-induzione-coco","status":"publish","type":"product","link":"https:\/\/accademiamugnano.it\/en\/prodotto\/tegame-2-maniglie-coperchio-alluminio-compatibile-induzione-coco\/","title":{"rendered":"COCO&#8217; 2 maniglie coperchio in alluminio compatibile con induzione"},"content":{"rendered":"<h3><strong>PORTA CALORE IN TAVOLA CON COC\u00d2<\/strong><\/h3>\n<p>Una pentola unica nel suo genere, ispirata alla tradizione delle antiche <strong>\u201ccocotte<\/strong>\u201d, coniuga un design elegante e accattivante a qualit\u00e0 costruttive innovative creando un prodotto veramente rivoluzionario.<\/p>\n<h6><\/h6>\n<p>Realizzata in puro alluminio con un rivestimento estremamente antiaderente, <strong>Coc\u00f2<\/strong> assicura una cottura perfetta ed uniforme. La sua forma rotondeggiante e bombata favorisce una circolazione ottimale dell\u2019aria e dei sapori, garantendo risultati culinari eccezionali. <strong>Coc\u00f2<\/strong> ti permette di preparare una variet\u00e0 di piatti deliziosi, come risotti, fagioli, carni brasate, stufati, zuppe e persino la paella.<\/p>\n<h6><\/h6>\n<p>La sua versatilit\u00e0 ti consente di utilizzarla su tutti i piani cottura e in forno, offrendo infinite possibilit\u00e0 per realizzare dei veri e propri capolavori in cucina. Le forme eleganti la rendono perfetta anche per servire direttamente in tavola, aggiungendo un tocco di raffinatezza alla presentazione <strong>Coc\u00f2<\/strong> semplifica la tua esperienza in cucina grazie al suo coperchio appositamente progettato per facilitare la preparazione delle tue ricette.<\/p>\n<h6><\/h6>\n<p>Il coperchio custodisce tutti i sapori durante la cottura grazie ad un sistema antigoccia che trattiene sughi e liquidi. I sapori e gli aromi rimangono intrappolati all\u2019interno della pentola, arricchendo i tuoi piatti di un\u2019incredibile e persistente intensit\u00e0 di gusto. Inoltre, il sistema antigoccia evita che i sughi di cottura si spargano sulla superficie di lavoro, mantenendo la cucina pulita e ordinata.<\/p>\n<h6><\/h6>\n<p>Grazie a questa innovativa caratteristica, <strong>Coc\u00f2<\/strong> ti permette di ottenere risultati culinari eccezionali in modo semplice e pratico. Non dovrai pi\u00f9 preoccuparti dei liquidi che fuoriescono durante la cottura, poich\u00e9 <strong>Coc\u00f2<\/strong> li trattiene e li rimette a disposizione dei tuoi piatti. Che tu stia cucinando per te stesso o per i tuoi ospiti, <strong>Coc\u00f2<\/strong> sar\u00e0 sempre la tua compagna per realizzare i tuoi capolavori in cucina.<\/p>\n<h4><strong>MADE IN ITALY<\/strong><\/h4>\n<p>Orgogliosamente Made in Italy, Coc\u00f2 rappresenta l\u2019eccellenza artigianale e la passione per il cibo che sono intrinseche nella cultura culinaria italiana. Realizzata con cura e maestria, Coc\u00f2 unisce l\u2019estetica raffinata all\u2019alta qualit\u00e0 dei materiali.<\/p>\n<p>Ogni dettaglio \u00e8 stato attentamente studiato per garantire prestazioni culinarie impeccabili.<\/p>\n","protected":false},"excerpt":{"rendered":"<p>Tegame Coc\u00f2 &#8211; Ideale per riso, fagioli, carni brasate, stufati, zuppe, paella.<br \/>\nCucina, anche in forno, e servi in tavola.<br \/>\nRivestimento antiaderente ad alte prestazioni.<br \/>\nFondo ad induzione.<\/p>\n","protected":false},"featured_media":59629,"template":"","meta":{"_acf_changed":false},"product_brand":[],"product_cat":[581,946,575],"product_tag":[1018,865,152],"class_list":{"0":"post-19438","1":"product","2":"type-product","3":"status-publish","4":"has-post-thumbnail","6":"product_cat-casseruole","7":"product_cat-coco","8":"product_cat-induzione","9":"product_tag-coperchio-in-alluminio","10":"product_tag-in-forno","11":"product_tag-induzione","12":"pa_tipologia-cottura-elettrico","13":"pa_tipologia-cottura-gas","14":"pa_tipologia-cottura-induzione","16":"first","17":"instock","18":"taxable","19":"shipping-taxable","20":"purchasable","21":"product-type-variable"},"acf":[],"yoast_head":"<!-- This site is optimized with the Yoast SEO plugin v27.3 - https:\/\/yoast.com\/product\/yoast-seo-wordpress\/ -->\n<title>COCO&#039; 2 maniglie coperchio in alluminio compatibile con induzione - Accademia Mugnano<\/title>\n<meta name=\"description\" content=\"Tegame con coperchio in alluminio antiaderente due manici per cottura anche su piani ad induzione design moderno ispirato alle tradizionali cocotte - Coc\u00f2\" \/>\n<meta name=\"robots\" content=\"index, follow, max-snippet:-1, max-image-preview:large, max-video-preview:-1\" \/>\n<link rel=\"canonical\" href=\"https:\/\/accademiamugnano.it\/en\/prodotto\/tegame-2-maniglie-coperchio-alluminio-compatibile-induzione-coco\/\" \/>\n<meta property=\"og:locale\" content=\"en_US\" \/>\n<meta property=\"og:type\" content=\"article\" \/>\n<meta property=\"og:title\" content=\"COCO&#039; 2 maniglie coperchio in alluminio compatibile con induzione - Accademia Mugnano\" \/>\n<meta property=\"og:description\" content=\"Tegame con coperchio in alluminio antiaderente due manici per cottura anche su piani ad induzione design moderno ispirato alle tradizionali cocotte - Coc\u00f2\" \/>\n<meta property=\"og:url\" content=\"https:\/\/accademiamugnano.it\/en\/prodotto\/tegame-2-maniglie-coperchio-alluminio-compatibile-induzione-coco\/\" \/>\n<meta property=\"og:site_name\" content=\"Accademia Mugnano\" \/>\n<meta property=\"article:modified_time\" content=\"2026-04-15T13:26:18+00:00\" \/>\n<meta property=\"og:image\" content=\"https:\/\/accademiamugnano.it\/wp-content\/uploads\/2023\/11\/Coco-personalizzabile-copy.webp\" \/>\n\t<meta property=\"og:image:width\" content=\"600\" \/>\n\t<meta property=\"og:image:height\" content=\"600\" \/>\n\t<meta property=\"og:image:type\" content=\"image\/webp\" \/>\n<meta name=\"twitter:card\" content=\"summary_large_image\" \/>\n<meta name=\"twitter:label1\" content=\"Est. reading time\" \/>\n\t<meta name=\"twitter:data1\" content=\"2 minutes\" \/>\n<script type=\"application\/ld+json\" class=\"yoast-schema-graph\">{\"@context\":\"https:\\\/\\\/schema.org\",\"@graph\":[{\"@type\":\"WebPage\",\"@id\":\"https:\\\/\\\/accademiamugnano.it\\\/en\\\/prodotto\\\/tegame-2-maniglie-coperchio-alluminio-compatibile-induzione-coco\\\/\",\"url\":\"https:\\\/\\\/accademiamugnano.it\\\/en\\\/prodotto\\\/tegame-2-maniglie-coperchio-alluminio-compatibile-induzione-coco\\\/\",\"name\":\"COCO' 2 maniglie coperchio in alluminio compatibile con induzione - Accademia Mugnano\",\"isPartOf\":{\"@id\":\"https:\\\/\\\/accademiamugnano.it\\\/en\\\/#website\"},\"primaryImageOfPage\":{\"@id\":\"https:\\\/\\\/accademiamugnano.it\\\/en\\\/prodotto\\\/tegame-2-maniglie-coperchio-alluminio-compatibile-induzione-coco\\\/#primaryimage\"},\"image\":{\"@id\":\"https:\\\/\\\/accademiamugnano.it\\\/en\\\/prodotto\\\/tegame-2-maniglie-coperchio-alluminio-compatibile-induzione-coco\\\/#primaryimage\"},\"thumbnailUrl\":\"https:\\\/\\\/accademiamugnano.it\\\/wp-content\\\/uploads\\\/2023\\\/11\\\/Coco-personalizzabile-copy.webp\",\"datePublished\":\"2023-11-23T16:49:47+00:00\",\"dateModified\":\"2026-04-15T13:26:18+00:00\",\"description\":\"Tegame con coperchio in alluminio antiaderente due manici per cottura anche su piani ad induzione design moderno ispirato alle tradizionali cocotte - Coc\u00f2\",\"breadcrumb\":{\"@id\":\"https:\\\/\\\/accademiamugnano.it\\\/en\\\/prodotto\\\/tegame-2-maniglie-coperchio-alluminio-compatibile-induzione-coco\\\/#breadcrumb\"},\"inLanguage\":\"en-US\",\"potentialAction\":[{\"@type\":\"ReadAction\",\"target\":[\"https:\\\/\\\/accademiamugnano.it\\\/en\\\/prodotto\\\/tegame-2-maniglie-coperchio-alluminio-compatibile-induzione-coco\\\/\"]}]},{\"@type\":\"ImageObject\",\"inLanguage\":\"en-US\",\"@id\":\"https:\\\/\\\/accademiamugnano.it\\\/en\\\/prodotto\\\/tegame-2-maniglie-coperchio-alluminio-compatibile-induzione-coco\\\/#primaryimage\",\"url\":\"https:\\\/\\\/accademiamugnano.it\\\/wp-content\\\/uploads\\\/2023\\\/11\\\/Coco-personalizzabile-copy.webp\",\"contentUrl\":\"https:\\\/\\\/accademiamugnano.it\\\/wp-content\\\/uploads\\\/2023\\\/11\\\/Coco-personalizzabile-copy.webp\",\"width\":600,\"height\":600},{\"@type\":\"BreadcrumbList\",\"@id\":\"https:\\\/\\\/accademiamugnano.it\\\/en\\\/prodotto\\\/tegame-2-maniglie-coperchio-alluminio-compatibile-induzione-coco\\\/#breadcrumb\",\"itemListElement\":[{\"@type\":\"ListItem\",\"position\":1,\"name\":\"Home\",\"item\":\"https:\\\/\\\/accademiamugnano.it\\\/en\\\/\"},{\"@type\":\"ListItem\",\"position\":2,\"name\":\"Tutti i prodotti OLD\",\"item\":\"https:\\\/\\\/accademiamugnano.it\\\/fr\\\/?page_id=21525\"},{\"@type\":\"ListItem\",\"position\":3,\"name\":\"COCO&#8217; 2 maniglie coperchio in alluminio compatibile con induzione\"}]},{\"@type\":\"WebSite\",\"@id\":\"https:\\\/\\\/accademiamugnano.it\\\/en\\\/#website\",\"url\":\"https:\\\/\\\/accademiamugnano.it\\\/en\\\/\",\"name\":\"Accademia Mugnano\",\"description\":\"Pentole e padelle made in Italy antiaderenti in alluminio. Cucina sano, cucina italiano.\",\"publisher\":{\"@id\":\"https:\\\/\\\/accademiamugnano.it\\\/en\\\/#organization\"},\"potentialAction\":[{\"@type\":\"SearchAction\",\"target\":{\"@type\":\"EntryPoint\",\"urlTemplate\":\"https:\\\/\\\/accademiamugnano.it\\\/en\\\/?s={search_term_string}\"},\"query-input\":{\"@type\":\"PropertyValueSpecification\",\"valueRequired\":true,\"valueName\":\"search_term_string\"}}],\"inLanguage\":\"en-US\"},{\"@type\":\"Organization\",\"@id\":\"https:\\\/\\\/accademiamugnano.it\\\/en\\\/#organization\",\"name\":\"Accademia Mugnano\",\"url\":\"https:\\\/\\\/accademiamugnano.it\\\/en\\\/\",\"logo\":{\"@type\":\"ImageObject\",\"inLanguage\":\"en-US\",\"@id\":\"https:\\\/\\\/accademiamugnano.it\\\/en\\\/#\\\/schema\\\/logo\\\/image\\\/\",\"url\":\"https:\\\/\\\/accademiamugnano.it\\\/wp-content\\\/uploads\\\/2023\\\/09\\\/Accademia-Mugnano.png\",\"contentUrl\":\"https:\\\/\\\/accademiamugnano.it\\\/wp-content\\\/uploads\\\/2023\\\/09\\\/Accademia-Mugnano.png\",\"width\":1824,\"height\":585,\"caption\":\"Accademia Mugnano\"},\"image\":{\"@id\":\"https:\\\/\\\/accademiamugnano.it\\\/en\\\/#\\\/schema\\\/logo\\\/image\\\/\"}}]}<\/script>\n<!-- \/ Yoast SEO plugin. -->","yoast_head_json":{"title":"COCO' 2 maniglie coperchio in alluminio compatibile con induzione - Accademia Mugnano","description":"Tegame con coperchio in alluminio antiaderente due manici per cottura anche su piani ad induzione design moderno ispirato alle tradizionali cocotte - Coc\u00f2","robots":{"index":"index","follow":"follow","max-snippet":"max-snippet:-1","max-image-preview":"max-image-preview:large","max-video-preview":"max-video-preview:-1"},"canonical":"https:\/\/accademiamugnano.it\/en\/prodotto\/tegame-2-maniglie-coperchio-alluminio-compatibile-induzione-coco\/","og_locale":"en_US","og_type":"article","og_title":"COCO' 2 maniglie coperchio in alluminio compatibile con induzione - Accademia Mugnano","og_description":"Tegame con coperchio in alluminio antiaderente due manici per cottura anche su piani ad induzione design moderno ispirato alle tradizionali cocotte - Coc\u00f2","og_url":"https:\/\/accademiamugnano.it\/en\/prodotto\/tegame-2-maniglie-coperchio-alluminio-compatibile-induzione-coco\/","og_site_name":"Accademia Mugnano","article_modified_time":"2026-04-15T13:26:18+00:00","og_image":[{"width":600,"height":600,"url":"https:\/\/accademiamugnano.it\/wp-content\/uploads\/2023\/11\/Coco-personalizzabile-copy.webp","type":"image\/webp"}],"twitter_card":"summary_large_image","twitter_misc":{"Est. reading time":"2 minutes"},"schema":{"@context":"https:\/\/schema.org","@graph":[{"@type":"WebPage","@id":"https:\/\/accademiamugnano.it\/en\/prodotto\/tegame-2-maniglie-coperchio-alluminio-compatibile-induzione-coco\/","url":"https:\/\/accademiamugnano.it\/en\/prodotto\/tegame-2-maniglie-coperchio-alluminio-compatibile-induzione-coco\/","name":"COCO' 2 maniglie coperchio in alluminio compatibile con induzione - Accademia Mugnano","isPartOf":{"@id":"https:\/\/accademiamugnano.it\/en\/#website"},"primaryImageOfPage":{"@id":"https:\/\/accademiamugnano.it\/en\/prodotto\/tegame-2-maniglie-coperchio-alluminio-compatibile-induzione-coco\/#primaryimage"},"image":{"@id":"https:\/\/accademiamugnano.it\/en\/prodotto\/tegame-2-maniglie-coperchio-alluminio-compatibile-induzione-coco\/#primaryimage"},"thumbnailUrl":"https:\/\/accademiamugnano.it\/wp-content\/uploads\/2023\/11\/Coco-personalizzabile-copy.webp","datePublished":"2023-11-23T16:49:47+00:00","dateModified":"2026-04-15T13:26:18+00:00","description":"Tegame con coperchio in alluminio antiaderente due manici per cottura anche su piani ad induzione design moderno ispirato alle tradizionali cocotte - Coc\u00f2","breadcrumb":{"@id":"https:\/\/accademiamugnano.it\/en\/prodotto\/tegame-2-maniglie-coperchio-alluminio-compatibile-induzione-coco\/#breadcrumb"},"inLanguage":"en-US","potentialAction":[{"@type":"ReadAction","target":["https:\/\/accademiamugnano.it\/en\/prodotto\/tegame-2-maniglie-coperchio-alluminio-compatibile-induzione-coco\/"]}]},{"@type":"ImageObject","inLanguage":"en-US","@id":"https:\/\/accademiamugnano.it\/en\/prodotto\/tegame-2-maniglie-coperchio-alluminio-compatibile-induzione-coco\/#primaryimage","url":"https:\/\/accademiamugnano.it\/wp-content\/uploads\/2023\/11\/Coco-personalizzabile-copy.webp","contentUrl":"https:\/\/accademiamugnano.it\/wp-content\/uploads\/2023\/11\/Coco-personalizzabile-copy.webp","width":600,"height":600},{"@type":"BreadcrumbList","@id":"https:\/\/accademiamugnano.it\/en\/prodotto\/tegame-2-maniglie-coperchio-alluminio-compatibile-induzione-coco\/#breadcrumb","itemListElement":[{"@type":"ListItem","position":1,"name":"Home","item":"https:\/\/accademiamugnano.it\/en\/"},{"@type":"ListItem","position":2,"name":"Tutti i prodotti OLD","item":"https:\/\/accademiamugnano.it\/fr\/?page_id=21525"},{"@type":"ListItem","position":3,"name":"COCO&#8217; 2 maniglie coperchio in alluminio compatibile con induzione"}]},{"@type":"WebSite","@id":"https:\/\/accademiamugnano.it\/en\/#website","url":"https:\/\/accademiamugnano.it\/en\/","name":"Accademia Mugnano","description":"Pentole e padelle made in Italy antiaderenti in alluminio. Cucina sano, cucina italiano.","publisher":{"@id":"https:\/\/accademiamugnano.it\/en\/#organization"},"potentialAction":[{"@type":"SearchAction","target":{"@type":"EntryPoint","urlTemplate":"https:\/\/accademiamugnano.it\/en\/?s={search_term_string}"},"query-input":{"@type":"PropertyValueSpecification","valueRequired":true,"valueName":"search_term_string"}}],"inLanguage":"en-US"},{"@type":"Organization","@id":"https:\/\/accademiamugnano.it\/en\/#organization","name":"Accademia Mugnano","url":"https:\/\/accademiamugnano.it\/en\/","logo":{"@type":"ImageObject","inLanguage":"en-US","@id":"https:\/\/accademiamugnano.it\/en\/#\/schema\/logo\/image\/","url":"https:\/\/accademiamugnano.it\/wp-content\/uploads\/2023\/09\/Accademia-Mugnano.png","contentUrl":"https:\/\/accademiamugnano.it\/wp-content\/uploads\/2023\/09\/Accademia-Mugnano.png","width":1824,"height":585,"caption":"Accademia Mugnano"},"image":{"@id":"https:\/\/accademiamugnano.it\/en\/#\/schema\/logo\/image\/"}}]}},"_links":{"self":[{"href":"https:\/\/accademiamugnano.it\/en\/wp-json\/wp\/v2\/product\/19438","targetHints":{"allow":["GET"]}}],"collection":[{"href":"https:\/\/accademiamugnano.it\/en\/wp-json\/wp\/v2\/product"}],"about":[{"href":"https:\/\/accademiamugnano.it\/en\/wp-json\/wp\/v2\/types\/product"}],"wp:featuredmedia":[{"embeddable":true,"href":"https:\/\/accademiamugnano.it\/en\/wp-json\/wp\/v2\/media\/59629"}],"wp:attachment":[{"href":"https:\/\/accademiamugnano.it\/en\/wp-json\/wp\/v2\/media?parent=19438"}],"wp:term":[{"taxonomy":"product_brand","embeddable":true,"href":"https:\/\/accademiamugnano.it\/en\/wp-json\/wp\/v2\/product_brand?post=19438"},{"taxonomy":"product_cat","embeddable":true,"href":"https:\/\/accademiamugnano.it\/en\/wp-json\/wp\/v2\/product_cat?post=19438"},{"taxonomy":"product_tag","embeddable":true,"href":"https:\/\/accademiamugnano.it\/en\/wp-json\/wp\/v2\/product_tag?post=19438"}],"curies":[{"name":"wp","href":"https:\/\/api.w.org\/{rel}","templated":true}]}}