{"id":11097,"date":"2013-10-03T11:17:24","date_gmt":"2013-10-03T10:17:24","guid":{"rendered":"https:\/\/accademiamugnano.it\/home\/articoli-per-linea\/linea-fuoco-idee\/due-pi-fornetto-con-vaporiera-cm24-fuoco-idee\/"},"modified":"2026-02-25T09:43:54","modified_gmt":"2026-02-25T08:43:54","slug":"due-piu-fornetto-con-vaporiera-fuoco-idee","status":"publish","type":"product","link":"https:\/\/accademiamugnano.it\/en\/prodotto\/due-piu-fornetto-con-vaporiera-fuoco-idee\/","title":{"rendered":"Due Pi\u00f9 &#8211; Fornetto con Vaporiera &#8211; Fuoco &amp; Idee"},"content":{"rendered":"<p align=\"justify\"><strong>Due Pi\u00f9 &#8211; Fornetto con Vaporiera <\/strong>E&#8217; un fornetto multiuso con vaporiera, indispensabile per stufare e <strong>cuocere a vapore<\/strong>. La sua praticit\u00e0 e versatilit\u00e0 \u00e8 racchiusa nei manici estraibili che all&#8217;occorrenza trasformano le due padelle in due teglie rotonde, rendendo utilizzabile il prodotto sia sul fuoco che in forno.<\/p>\n<h6 align=\"justify\"><\/h6>\n<p align=\"justify\">Il corpo in alluminio puro e la qualit\u00e0\u00a0 del rivestimento antiaderente <strong>AM SALUS HARD SYSTEM<\/strong> garantiscono una cucina sana che conserva le qualit\u00e0 nutritive dei cibi nella completa tutela dell&#8217;ambiente e della salute del consumatore.<\/p>\n<h6 align=\"justify\"><\/h6>\n<p align=\"justify\">Gli esterni in nero statinato, il fondo con anelli di <strong>microrettifica antiscivolo<\/strong> e i manici estraibili e atermici in bakelite satinata conferiscono al prodotto una funzionalit\u00e0\u00a0 e uno stile di alta qualit\u00e0\u00a0.<\/p>\n<h6 align=\"justify\"><\/h6>\n<p align=\"justify\">Ideale per tutti coloro che amano una cucina sana, veloce e pratica.<\/p>\n","protected":false},"excerpt":{"rendered":"<p>Fornetto con vaporiera Due Pi\u00f9 &#8211; Fuoco &amp; Idee<\/p>\n","protected":false},"featured_media":22012,"template":"","meta":{"_acf_changed":false},"product_brand":[],"product_cat":[831,602],"product_tag":[701,173,665],"class_list":{"0":"post-11097","1":"product","2":"type-product","3":"status-publish","4":"has-post-thumbnail","6":"product_cat-articoli-speciali","7":"product_cat-linea-fuoco-idee","8":"product_tag-fornetto","9":"product_tag-non-induzione","10":"product_tag-vaporiera","11":"pa_diametro-dimensioni-24cm","12":"pa_tipologia-cottura-elettrico","13":"pa_tipologia-cottura-gas","15":"first","16":"instock","17":"taxable","18":"shipping-taxable","19":"purchasable","20":"product-type-simple"},"acf":[],"yoast_head":"<!-- This site is optimized with the Yoast SEO plugin v27.3 - https:\/\/yoast.com\/product\/yoast-seo-wordpress\/ -->\n<title>Due Pi\u00f9 - Fornetto con Vaporiera - Fuoco &amp; Idee - Accademia Mugnano<\/title>\n<meta name=\"description\" content=\"Fornetto vaporiera Due Pi\u00f9 in alluminio antiaderente per una cucina a vapore sana e leggera. Manici estraibili per cucinare anche al forno - Fuoco e Idee\" \/>\n<meta name=\"robots\" content=\"index, follow, max-snippet:-1, max-image-preview:large, max-video-preview:-1\" \/>\n<link rel=\"canonical\" href=\"https:\/\/accademiamugnano.it\/en\/prodotto\/due-piu-fornetto-con-vaporiera-fuoco-idee\/\" \/>\n<meta property=\"og:locale\" content=\"en_US\" \/>\n<meta property=\"og:type\" content=\"article\" \/>\n<meta property=\"og:title\" content=\"Due Pi\u00f9 - Fornetto con Vaporiera - Fuoco &amp; Idee - Accademia Mugnano\" \/>\n<meta property=\"og:description\" content=\"Fornetto vaporiera Due Pi\u00f9 in alluminio antiaderente per una cucina a vapore sana e leggera. Manici estraibili per cucinare anche al forno - Fuoco e Idee\" \/>\n<meta property=\"og:url\" content=\"https:\/\/accademiamugnano.it\/en\/prodotto\/due-piu-fornetto-con-vaporiera-fuoco-idee\/\" \/>\n<meta property=\"og:site_name\" content=\"Accademia Mugnano\" \/>\n<meta property=\"article:modified_time\" content=\"2026-02-25T08:43:54+00:00\" \/>\n<meta property=\"og:image\" content=\"https:\/\/accademiamugnano.it\/wp-content\/uploads\/2013\/10\/FIFRNV24-1.jpg\" \/>\n\t<meta property=\"og:image:width\" content=\"800\" \/>\n\t<meta property=\"og:image:height\" content=\"800\" \/>\n\t<meta property=\"og:image:type\" content=\"image\/jpeg\" \/>\n<meta name=\"twitter:card\" content=\"summary_large_image\" \/>\n<meta name=\"twitter:label1\" content=\"Est. reading time\" \/>\n\t<meta name=\"twitter:data1\" content=\"1 minute\" \/>\n<script type=\"application\/ld+json\" class=\"yoast-schema-graph\">{\"@context\":\"https:\\\/\\\/schema.org\",\"@graph\":[{\"@type\":\"WebPage\",\"@id\":\"https:\\\/\\\/accademiamugnano.it\\\/en\\\/prodotto\\\/due-piu-fornetto-con-vaporiera-fuoco-idee\\\/\",\"url\":\"https:\\\/\\\/accademiamugnano.it\\\/en\\\/prodotto\\\/due-piu-fornetto-con-vaporiera-fuoco-idee\\\/\",\"name\":\"Due Pi\u00f9 - Fornetto con Vaporiera - Fuoco &amp; Idee - Accademia Mugnano\",\"isPartOf\":{\"@id\":\"https:\\\/\\\/accademiamugnano.it\\\/en\\\/#website\"},\"primaryImageOfPage\":{\"@id\":\"https:\\\/\\\/accademiamugnano.it\\\/en\\\/prodotto\\\/due-piu-fornetto-con-vaporiera-fuoco-idee\\\/#primaryimage\"},\"image\":{\"@id\":\"https:\\\/\\\/accademiamugnano.it\\\/en\\\/prodotto\\\/due-piu-fornetto-con-vaporiera-fuoco-idee\\\/#primaryimage\"},\"thumbnailUrl\":\"https:\\\/\\\/accademiamugnano.it\\\/wp-content\\\/uploads\\\/2013\\\/10\\\/FIFRNV24-1.jpg\",\"datePublished\":\"2013-10-03T10:17:24+00:00\",\"dateModified\":\"2026-02-25T08:43:54+00:00\",\"description\":\"Fornetto vaporiera Due Pi\u00f9 in alluminio antiaderente per una cucina a vapore sana e leggera. Manici estraibili per cucinare anche al forno - Fuoco e Idee\",\"breadcrumb\":{\"@id\":\"https:\\\/\\\/accademiamugnano.it\\\/en\\\/prodotto\\\/due-piu-fornetto-con-vaporiera-fuoco-idee\\\/#breadcrumb\"},\"inLanguage\":\"en-US\",\"potentialAction\":[{\"@type\":\"ReadAction\",\"target\":[\"https:\\\/\\\/accademiamugnano.it\\\/en\\\/prodotto\\\/due-piu-fornetto-con-vaporiera-fuoco-idee\\\/\"]}]},{\"@type\":\"ImageObject\",\"inLanguage\":\"en-US\",\"@id\":\"https:\\\/\\\/accademiamugnano.it\\\/en\\\/prodotto\\\/due-piu-fornetto-con-vaporiera-fuoco-idee\\\/#primaryimage\",\"url\":\"https:\\\/\\\/accademiamugnano.it\\\/wp-content\\\/uploads\\\/2013\\\/10\\\/FIFRNV24-1.jpg\",\"contentUrl\":\"https:\\\/\\\/accademiamugnano.it\\\/wp-content\\\/uploads\\\/2013\\\/10\\\/FIFRNV24-1.jpg\",\"width\":800,\"height\":800},{\"@type\":\"BreadcrumbList\",\"@id\":\"https:\\\/\\\/accademiamugnano.it\\\/en\\\/prodotto\\\/due-piu-fornetto-con-vaporiera-fuoco-idee\\\/#breadcrumb\",\"itemListElement\":[{\"@type\":\"ListItem\",\"position\":1,\"name\":\"Home\",\"item\":\"https:\\\/\\\/accademiamugnano.it\\\/en\\\/\"},{\"@type\":\"ListItem\",\"position\":2,\"name\":\"Tutti i prodotti OLD\",\"item\":\"https:\\\/\\\/accademiamugnano.it\\\/fr\\\/?page_id=21525\"},{\"@type\":\"ListItem\",\"position\":3,\"name\":\"Due Pi\u00f9 &#8211; Fornetto con Vaporiera &#8211; Fuoco &amp; Idee\"}]},{\"@type\":\"WebSite\",\"@id\":\"https:\\\/\\\/accademiamugnano.it\\\/en\\\/#website\",\"url\":\"https:\\\/\\\/accademiamugnano.it\\\/en\\\/\",\"name\":\"Accademia Mugnano\",\"description\":\"Pentole e padelle made in Italy antiaderenti in alluminio. Cucina sano, cucina italiano.\",\"publisher\":{\"@id\":\"https:\\\/\\\/accademiamugnano.it\\\/en\\\/#organization\"},\"potentialAction\":[{\"@type\":\"SearchAction\",\"target\":{\"@type\":\"EntryPoint\",\"urlTemplate\":\"https:\\\/\\\/accademiamugnano.it\\\/en\\\/?s={search_term_string}\"},\"query-input\":{\"@type\":\"PropertyValueSpecification\",\"valueRequired\":true,\"valueName\":\"search_term_string\"}}],\"inLanguage\":\"en-US\"},{\"@type\":\"Organization\",\"@id\":\"https:\\\/\\\/accademiamugnano.it\\\/en\\\/#organization\",\"name\":\"Accademia Mugnano\",\"url\":\"https:\\\/\\\/accademiamugnano.it\\\/en\\\/\",\"logo\":{\"@type\":\"ImageObject\",\"inLanguage\":\"en-US\",\"@id\":\"https:\\\/\\\/accademiamugnano.it\\\/en\\\/#\\\/schema\\\/logo\\\/image\\\/\",\"url\":\"https:\\\/\\\/accademiamugnano.it\\\/wp-content\\\/uploads\\\/2023\\\/09\\\/Accademia-Mugnano.png\",\"contentUrl\":\"https:\\\/\\\/accademiamugnano.it\\\/wp-content\\\/uploads\\\/2023\\\/09\\\/Accademia-Mugnano.png\",\"width\":1824,\"height\":585,\"caption\":\"Accademia Mugnano\"},\"image\":{\"@id\":\"https:\\\/\\\/accademiamugnano.it\\\/en\\\/#\\\/schema\\\/logo\\\/image\\\/\"}}]}<\/script>\n<!-- \/ Yoast SEO plugin. -->","yoast_head_json":{"title":"Due Pi\u00f9 - Fornetto con Vaporiera - Fuoco &amp; Idee - Accademia Mugnano","description":"Fornetto vaporiera Due Pi\u00f9 in alluminio antiaderente per una cucina a vapore sana e leggera. Manici estraibili per cucinare anche al forno - Fuoco e Idee","robots":{"index":"index","follow":"follow","max-snippet":"max-snippet:-1","max-image-preview":"max-image-preview:large","max-video-preview":"max-video-preview:-1"},"canonical":"https:\/\/accademiamugnano.it\/en\/prodotto\/due-piu-fornetto-con-vaporiera-fuoco-idee\/","og_locale":"en_US","og_type":"article","og_title":"Due Pi\u00f9 - Fornetto con Vaporiera - Fuoco &amp; Idee - Accademia Mugnano","og_description":"Fornetto vaporiera Due Pi\u00f9 in alluminio antiaderente per una cucina a vapore sana e leggera. Manici estraibili per cucinare anche al forno - Fuoco e Idee","og_url":"https:\/\/accademiamugnano.it\/en\/prodotto\/due-piu-fornetto-con-vaporiera-fuoco-idee\/","og_site_name":"Accademia Mugnano","article_modified_time":"2026-02-25T08:43:54+00:00","og_image":[{"width":800,"height":800,"url":"https:\/\/accademiamugnano.it\/wp-content\/uploads\/2013\/10\/FIFRNV24-1.jpg","type":"image\/jpeg"}],"twitter_card":"summary_large_image","twitter_misc":{"Est. reading time":"1 minute"},"schema":{"@context":"https:\/\/schema.org","@graph":[{"@type":"WebPage","@id":"https:\/\/accademiamugnano.it\/en\/prodotto\/due-piu-fornetto-con-vaporiera-fuoco-idee\/","url":"https:\/\/accademiamugnano.it\/en\/prodotto\/due-piu-fornetto-con-vaporiera-fuoco-idee\/","name":"Due Pi\u00f9 - Fornetto con Vaporiera - Fuoco &amp; Idee - Accademia Mugnano","isPartOf":{"@id":"https:\/\/accademiamugnano.it\/en\/#website"},"primaryImageOfPage":{"@id":"https:\/\/accademiamugnano.it\/en\/prodotto\/due-piu-fornetto-con-vaporiera-fuoco-idee\/#primaryimage"},"image":{"@id":"https:\/\/accademiamugnano.it\/en\/prodotto\/due-piu-fornetto-con-vaporiera-fuoco-idee\/#primaryimage"},"thumbnailUrl":"https:\/\/accademiamugnano.it\/wp-content\/uploads\/2013\/10\/FIFRNV24-1.jpg","datePublished":"2013-10-03T10:17:24+00:00","dateModified":"2026-02-25T08:43:54+00:00","description":"Fornetto vaporiera Due Pi\u00f9 in alluminio antiaderente per una cucina a vapore sana e leggera. Manici estraibili per cucinare anche al forno - Fuoco e Idee","breadcrumb":{"@id":"https:\/\/accademiamugnano.it\/en\/prodotto\/due-piu-fornetto-con-vaporiera-fuoco-idee\/#breadcrumb"},"inLanguage":"en-US","potentialAction":[{"@type":"ReadAction","target":["https:\/\/accademiamugnano.it\/en\/prodotto\/due-piu-fornetto-con-vaporiera-fuoco-idee\/"]}]},{"@type":"ImageObject","inLanguage":"en-US","@id":"https:\/\/accademiamugnano.it\/en\/prodotto\/due-piu-fornetto-con-vaporiera-fuoco-idee\/#primaryimage","url":"https:\/\/accademiamugnano.it\/wp-content\/uploads\/2013\/10\/FIFRNV24-1.jpg","contentUrl":"https:\/\/accademiamugnano.it\/wp-content\/uploads\/2013\/10\/FIFRNV24-1.jpg","width":800,"height":800},{"@type":"BreadcrumbList","@id":"https:\/\/accademiamugnano.it\/en\/prodotto\/due-piu-fornetto-con-vaporiera-fuoco-idee\/#breadcrumb","itemListElement":[{"@type":"ListItem","position":1,"name":"Home","item":"https:\/\/accademiamugnano.it\/en\/"},{"@type":"ListItem","position":2,"name":"Tutti i prodotti OLD","item":"https:\/\/accademiamugnano.it\/fr\/?page_id=21525"},{"@type":"ListItem","position":3,"name":"Due Pi\u00f9 &#8211; Fornetto con Vaporiera &#8211; Fuoco &amp; Idee"}]},{"@type":"WebSite","@id":"https:\/\/accademiamugnano.it\/en\/#website","url":"https:\/\/accademiamugnano.it\/en\/","name":"Accademia Mugnano","description":"Pentole e padelle made in Italy antiaderenti in alluminio. Cucina sano, cucina italiano.","publisher":{"@id":"https:\/\/accademiamugnano.it\/en\/#organization"},"potentialAction":[{"@type":"SearchAction","target":{"@type":"EntryPoint","urlTemplate":"https:\/\/accademiamugnano.it\/en\/?s={search_term_string}"},"query-input":{"@type":"PropertyValueSpecification","valueRequired":true,"valueName":"search_term_string"}}],"inLanguage":"en-US"},{"@type":"Organization","@id":"https:\/\/accademiamugnano.it\/en\/#organization","name":"Accademia Mugnano","url":"https:\/\/accademiamugnano.it\/en\/","logo":{"@type":"ImageObject","inLanguage":"en-US","@id":"https:\/\/accademiamugnano.it\/en\/#\/schema\/logo\/image\/","url":"https:\/\/accademiamugnano.it\/wp-content\/uploads\/2023\/09\/Accademia-Mugnano.png","contentUrl":"https:\/\/accademiamugnano.it\/wp-content\/uploads\/2023\/09\/Accademia-Mugnano.png","width":1824,"height":585,"caption":"Accademia Mugnano"},"image":{"@id":"https:\/\/accademiamugnano.it\/en\/#\/schema\/logo\/image\/"}}]}},"_links":{"self":[{"href":"https:\/\/accademiamugnano.it\/en\/wp-json\/wp\/v2\/product\/11097","targetHints":{"allow":["GET"]}}],"collection":[{"href":"https:\/\/accademiamugnano.it\/en\/wp-json\/wp\/v2\/product"}],"about":[{"href":"https:\/\/accademiamugnano.it\/en\/wp-json\/wp\/v2\/types\/product"}],"wp:featuredmedia":[{"embeddable":true,"href":"https:\/\/accademiamugnano.it\/en\/wp-json\/wp\/v2\/media\/22012"}],"wp:attachment":[{"href":"https:\/\/accademiamugnano.it\/en\/wp-json\/wp\/v2\/media?parent=11097"}],"wp:term":[{"taxonomy":"product_brand","embeddable":true,"href":"https:\/\/accademiamugnano.it\/en\/wp-json\/wp\/v2\/product_brand?post=11097"},{"taxonomy":"product_cat","embeddable":true,"href":"https:\/\/accademiamugnano.it\/en\/wp-json\/wp\/v2\/product_cat?post=11097"},{"taxonomy":"product_tag","embeddable":true,"href":"https:\/\/accademiamugnano.it\/en\/wp-json\/wp\/v2\/product_tag?post=11097"}],"curies":[{"name":"wp","href":"https:\/\/api.w.org\/{rel}","templated":true}]}}