{"id":18508,"date":"2023-09-08T13:39:51","date_gmt":"2023-09-08T12:39:51","guid":{"rendered":"https:\/\/accademiamugnano.it\/?page_id=18508"},"modified":"2024-07-24T14:40:31","modified_gmt":"2024-07-24T13:40:31","slug":"ordini-e-spedizione","status":"publish","type":"page","link":"https:\/\/accademiamugnano.it\/en\/ordini-e-spedizione\/","title":{"rendered":"Ordini e spedizione"},"content":{"rendered":"\t\t<div data-elementor-type=\"wp-page\" data-elementor-id=\"18508\" class=\"elementor elementor-18508\" data-elementor-post-type=\"page\">\n\t\t\t\t\t\t<section class=\"elementor-section elementor-top-section elementor-element elementor-element-4e3099a6 elementor-section-boxed elementor-section-height-default elementor-section-height-default qodef-parallax-row-no qodef-content-aligment-left qodef-row-grid-no qodef-disabled-bg-image-bellow-no\" data-id=\"4e3099a6\" data-element_type=\"section\" data-e-type=\"section\">\n\t\t\t\t\t\t<div class=\"elementor-container elementor-column-gap-default\">\n\t\t\t\t\t<div class=\"elementor-column elementor-col-100 elementor-top-column elementor-element elementor-element-b1846a9\" data-id=\"b1846a9\" data-element_type=\"column\" data-e-type=\"column\">\n\t\t\t<div class=\"elementor-widget-wrap elementor-element-populated\">\n\t\t\t\t\t\t<div class=\"elementor-element elementor-element-68ad2455 elementor-widget elementor-widget-text-editor\" data-id=\"68ad2455\" data-element_type=\"widget\" data-e-type=\"widget\" data-widget_type=\"text-editor.default\">\n\t\t\t\t<div class=\"elementor-widget-container\">\n\t\t\t\t\t\t\t\t\t<h3><strong>ORDINI E SPEDIZIONE<\/strong><\/h3><p>Per la gestione degli ordini, pagamenti e spedizioni e per qualunque informazione relativa allo stato ordine o quant&#8217;altro, potete chiamare alla <strong>ACCADEMIA MUGNANO S.p.A.<\/strong> al numero di telefono <a href=\"tel:0823882126\">0823882126<\/a>.<\/p><h3><strong>TEMPI DI CONSEGNA:<\/strong><\/h3><p>La consegna \u00e8 prevista <strong>entro 7 giorni lavorativi<\/strong> dalla verifica del pagamento. Se il pagamento verr\u00e0 effettuato con carta di credito l&#8217;ordine verr\u00e0 evaso in tempo reale, mentre se il pagamento verr\u00e0 effettuato con bonifico bancario anticipato, l&#8217;ordine verr\u00e0 evaso solo dopo la conferma del ricevimento del bonifico attraverso il nostro istituto bancario.<\/p><p>Una volta ricevuto il prodotto, ti invitiamo a verificare:<\/p><p>Che il numero dei colli (pacchi) indicato sulla lettera del vettore sia effettivamente quello consegnato.<br \/>Che il pacco sia integro e non danneggiato; eventuali contestazioni vanno immediatamente sollevate al corriere, in caso contrario il prodotto si considera consegnato correttamente. In caso di danno, se questo \u00e8 facilmente riscontrabile, ti invitiamo a rifiutare la consegna o ad accettarla con riserva.<\/p><h3><strong>CONSULTAZIONE SPEDIZIONE:<\/strong><\/h3><p>Una volta che la merce sar\u00e0 ritirata dal corriere verr\u00e0 inviato il codice di tracciamento, con le relative istruzioni, all&#8217;indirizzo email dell&#8217;acquirente.<\/p><p>In alternativa \u00e8 possibile contattare <strong>ACCADEMIA MUGNANO S.p.A.<\/strong> al numero di telefono <a href=\"tel:0823882126\">0823882126<\/a>, oppure scrivendo a <a href=\"mailto:gestioneordini@accademiamugnano.it\">gestioneordini@accademiamugnano.it<\/a><\/p><h3><strong>COSTI DI SPEDIZIONE:<\/strong><\/h3><p>Il costo della spedizione \u00e8 di Euro 9,00 iva inclusa (importo forfettario) per ordini inferiori a 99\u20ac.<br \/><strong>Per ordini di importo pari o superiore a 99\u20ac la spedizione \u00e8 gratuita.<\/strong><\/p><h3><strong>RISOLUZIONI DELLE CONTROVERSIE:<\/strong><\/h3><p>La Commissione europea fornisce una piattaforma online per la risoluzione delle controversie, disponibile al seguente link:<br \/>https:\/\/ec.europa.eu\/consumers\/odr\/<\/p>\t\t\t\t\t\t\t\t<\/div>\n\t\t\t\t<\/div>\n\t\t\t\t\t<\/div>\n\t\t<\/div>\n\t\t\t\t\t<\/div>\n\t\t<\/section>\n\t\t\t\t<\/div>\n\t\t","protected":false},"excerpt":{"rendered":"<p>ORDINI E SPEDIZIONE Per la gestione degli ordini, pagamenti e spedizioni e per qualunque informazione relativa allo stato ordine o quant&#8217;altro, potete chiamare alla ACCADEMIA MUGNANO S.p.A. al numero di telefono 0823882126. TEMPI DI CONSEGNA: La consegna \u00e8 prevista entro [&hellip;]<\/p>\n","protected":false},"author":4345,"featured_media":0,"parent":0,"menu_order":0,"comment_status":"closed","ping_status":"closed","template":"","meta":{"_acf_changed":false,"footnotes":""},"class_list":["post-18508","page","type-page","status-publish","hentry"],"acf":[],"yoast_head":"<!-- This site is optimized with the Yoast SEO plugin v27.3 - https:\/\/yoast.com\/product\/yoast-seo-wordpress\/ -->\n<title>Ordini e spedizione - Accademia Mugnano<\/title>\n<meta name=\"robots\" content=\"index, follow, max-snippet:-1, max-image-preview:large, max-video-preview:-1\" \/>\n<link rel=\"canonical\" href=\"https:\/\/accademiamugnano.it\/en\/ordini-e-spedizione\/\" \/>\n<meta property=\"og:locale\" content=\"en_US\" \/>\n<meta property=\"og:type\" content=\"article\" \/>\n<meta property=\"og:title\" content=\"Ordini e spedizione - Accademia Mugnano\" \/>\n<meta property=\"og:description\" content=\"ORDINI E SPEDIZIONE Per la gestione degli ordini, pagamenti e spedizioni e per qualunque informazione relativa allo stato ordine o quant&#8217;altro, potete chiamare alla ACCADEMIA MUGNANO S.p.A. al numero di telefono 0823882126. TEMPI DI CONSEGNA: La consegna \u00e8 prevista entro [&hellip;]\" \/>\n<meta property=\"og:url\" content=\"https:\/\/accademiamugnano.it\/en\/ordini-e-spedizione\/\" \/>\n<meta property=\"og:site_name\" content=\"Accademia Mugnano\" \/>\n<meta property=\"article:modified_time\" content=\"2024-07-24T13:40:31+00:00\" \/>\n<meta name=\"twitter:card\" content=\"summary_large_image\" \/>\n<meta name=\"twitter:label1\" content=\"Est. reading time\" \/>\n\t<meta name=\"twitter:data1\" content=\"2 minutes\" \/>\n<script type=\"application\/ld+json\" class=\"yoast-schema-graph\">{\"@context\":\"https:\\\/\\\/schema.org\",\"@graph\":[{\"@type\":\"WebPage\",\"@id\":\"https:\\\/\\\/accademiamugnano.it\\\/en\\\/ordini-e-spedizione\\\/\",\"url\":\"https:\\\/\\\/accademiamugnano.it\\\/en\\\/ordini-e-spedizione\\\/\",\"name\":\"Ordini e spedizione - Accademia Mugnano\",\"isPartOf\":{\"@id\":\"https:\\\/\\\/accademiamugnano.it\\\/en\\\/#website\"},\"datePublished\":\"2023-09-08T12:39:51+00:00\",\"dateModified\":\"2024-07-24T13:40:31+00:00\",\"breadcrumb\":{\"@id\":\"https:\\\/\\\/accademiamugnano.it\\\/en\\\/ordini-e-spedizione\\\/#breadcrumb\"},\"inLanguage\":\"en-US\",\"potentialAction\":[{\"@type\":\"ReadAction\",\"target\":[\"https:\\\/\\\/accademiamugnano.it\\\/en\\\/ordini-e-spedizione\\\/\"]}]},{\"@type\":\"BreadcrumbList\",\"@id\":\"https:\\\/\\\/accademiamugnano.it\\\/en\\\/ordini-e-spedizione\\\/#breadcrumb\",\"itemListElement\":[{\"@type\":\"ListItem\",\"position\":1,\"name\":\"Home\",\"item\":\"https:\\\/\\\/accademiamugnano.it\\\/en\\\/\"},{\"@type\":\"ListItem\",\"position\":2,\"name\":\"Ordini e spedizione\"}]},{\"@type\":\"WebSite\",\"@id\":\"https:\\\/\\\/accademiamugnano.it\\\/en\\\/#website\",\"url\":\"https:\\\/\\\/accademiamugnano.it\\\/en\\\/\",\"name\":\"Accademia Mugnano\",\"description\":\"Pentole e padelle made in Italy antiaderenti in alluminio. Cucina sano, cucina italiano.\",\"publisher\":{\"@id\":\"https:\\\/\\\/accademiamugnano.it\\\/en\\\/#organization\"},\"potentialAction\":[{\"@type\":\"SearchAction\",\"target\":{\"@type\":\"EntryPoint\",\"urlTemplate\":\"https:\\\/\\\/accademiamugnano.it\\\/en\\\/?s={search_term_string}\"},\"query-input\":{\"@type\":\"PropertyValueSpecification\",\"valueRequired\":true,\"valueName\":\"search_term_string\"}}],\"inLanguage\":\"en-US\"},{\"@type\":\"Organization\",\"@id\":\"https:\\\/\\\/accademiamugnano.it\\\/en\\\/#organization\",\"name\":\"Accademia Mugnano\",\"url\":\"https:\\\/\\\/accademiamugnano.it\\\/en\\\/\",\"logo\":{\"@type\":\"ImageObject\",\"inLanguage\":\"en-US\",\"@id\":\"https:\\\/\\\/accademiamugnano.it\\\/en\\\/#\\\/schema\\\/logo\\\/image\\\/\",\"url\":\"https:\\\/\\\/accademiamugnano.it\\\/wp-content\\\/uploads\\\/2023\\\/09\\\/Accademia-Mugnano.png\",\"contentUrl\":\"https:\\\/\\\/accademiamugnano.it\\\/wp-content\\\/uploads\\\/2023\\\/09\\\/Accademia-Mugnano.png\",\"width\":1824,\"height\":585,\"caption\":\"Accademia Mugnano\"},\"image\":{\"@id\":\"https:\\\/\\\/accademiamugnano.it\\\/en\\\/#\\\/schema\\\/logo\\\/image\\\/\"}}]}<\/script>\n<!-- \/ Yoast SEO plugin. -->","yoast_head_json":{"title":"Ordini e spedizione - Accademia Mugnano","robots":{"index":"index","follow":"follow","max-snippet":"max-snippet:-1","max-image-preview":"max-image-preview:large","max-video-preview":"max-video-preview:-1"},"canonical":"https:\/\/accademiamugnano.it\/en\/ordini-e-spedizione\/","og_locale":"en_US","og_type":"article","og_title":"Ordini e spedizione - Accademia Mugnano","og_description":"ORDINI E SPEDIZIONE Per la gestione degli ordini, pagamenti e spedizioni e per qualunque informazione relativa allo stato ordine o quant&#8217;altro, potete chiamare alla ACCADEMIA MUGNANO S.p.A. al numero di telefono 0823882126. TEMPI DI CONSEGNA: La consegna \u00e8 prevista entro [&hellip;]","og_url":"https:\/\/accademiamugnano.it\/en\/ordini-e-spedizione\/","og_site_name":"Accademia Mugnano","article_modified_time":"2024-07-24T13:40:31+00:00","twitter_card":"summary_large_image","twitter_misc":{"Est. reading time":"2 minutes"},"schema":{"@context":"https:\/\/schema.org","@graph":[{"@type":"WebPage","@id":"https:\/\/accademiamugnano.it\/en\/ordini-e-spedizione\/","url":"https:\/\/accademiamugnano.it\/en\/ordini-e-spedizione\/","name":"Ordini e spedizione - Accademia Mugnano","isPartOf":{"@id":"https:\/\/accademiamugnano.it\/en\/#website"},"datePublished":"2023-09-08T12:39:51+00:00","dateModified":"2024-07-24T13:40:31+00:00","breadcrumb":{"@id":"https:\/\/accademiamugnano.it\/en\/ordini-e-spedizione\/#breadcrumb"},"inLanguage":"en-US","potentialAction":[{"@type":"ReadAction","target":["https:\/\/accademiamugnano.it\/en\/ordini-e-spedizione\/"]}]},{"@type":"BreadcrumbList","@id":"https:\/\/accademiamugnano.it\/en\/ordini-e-spedizione\/#breadcrumb","itemListElement":[{"@type":"ListItem","position":1,"name":"Home","item":"https:\/\/accademiamugnano.it\/en\/"},{"@type":"ListItem","position":2,"name":"Ordini e spedizione"}]},{"@type":"WebSite","@id":"https:\/\/accademiamugnano.it\/en\/#website","url":"https:\/\/accademiamugnano.it\/en\/","name":"Accademia Mugnano","description":"Pentole e padelle made in Italy antiaderenti in alluminio. Cucina sano, cucina italiano.","publisher":{"@id":"https:\/\/accademiamugnano.it\/en\/#organization"},"potentialAction":[{"@type":"SearchAction","target":{"@type":"EntryPoint","urlTemplate":"https:\/\/accademiamugnano.it\/en\/?s={search_term_string}"},"query-input":{"@type":"PropertyValueSpecification","valueRequired":true,"valueName":"search_term_string"}}],"inLanguage":"en-US"},{"@type":"Organization","@id":"https:\/\/accademiamugnano.it\/en\/#organization","name":"Accademia Mugnano","url":"https:\/\/accademiamugnano.it\/en\/","logo":{"@type":"ImageObject","inLanguage":"en-US","@id":"https:\/\/accademiamugnano.it\/en\/#\/schema\/logo\/image\/","url":"https:\/\/accademiamugnano.it\/wp-content\/uploads\/2023\/09\/Accademia-Mugnano.png","contentUrl":"https:\/\/accademiamugnano.it\/wp-content\/uploads\/2023\/09\/Accademia-Mugnano.png","width":1824,"height":585,"caption":"Accademia Mugnano"},"image":{"@id":"https:\/\/accademiamugnano.it\/en\/#\/schema\/logo\/image\/"}}]}},"_links":{"self":[{"href":"https:\/\/accademiamugnano.it\/en\/wp-json\/wp\/v2\/pages\/18508","targetHints":{"allow":["GET"]}}],"collection":[{"href":"https:\/\/accademiamugnano.it\/en\/wp-json\/wp\/v2\/pages"}],"about":[{"href":"https:\/\/accademiamugnano.it\/en\/wp-json\/wp\/v2\/types\/page"}],"author":[{"embeddable":true,"href":"https:\/\/accademiamugnano.it\/en\/wp-json\/wp\/v2\/users\/4345"}],"replies":[{"embeddable":true,"href":"https:\/\/accademiamugnano.it\/en\/wp-json\/wp\/v2\/comments?post=18508"}],"version-history":[{"count":0,"href":"https:\/\/accademiamugnano.it\/en\/wp-json\/wp\/v2\/pages\/18508\/revisions"}],"wp:attachment":[{"href":"https:\/\/accademiamugnano.it\/en\/wp-json\/wp\/v2\/media?parent=18508"}],"curies":[{"name":"wp","href":"https:\/\/api.w.org\/{rel}","templated":true}]}}